{"id":7313,"date":"2024-01-18T15:22:46","date_gmt":"2024-01-18T13:22:46","guid":{"rendered":"https:\/\/www.aquasportclubs.com\/entrenamiento-personal\/"},"modified":"2025-10-15T13:34:17","modified_gmt":"2025-10-15T11:34:17","slug":"entrenamiento-personal","status":"publish","type":"page","link":"https:\/\/www.aquasportclubs.com\/ca\/entrenamiento-personal\/","title":{"rendered":"Entrenaments Personals"},"content":{"rendered":"<p>[vc_row css_animation=\u00bb\u00bb row_type=\u00bbrow\u00bb use_row_as_full_screen_section=\u00bbno\u00bb type=\u00bbfull_width\u00bb angled_section=\u00bbno\u00bb text_align=\u00bbleft\u00bb background_image_as_pattern=\u00bbwithout_pattern\u00bb][vc_column][vc_empty_space height=\u00bb100 px\u00bb][\/vc_column][\/vc_row][vc_row row_type=\u00bbparallax\u00bb parallax_content_width=\u00bbin_grid\u00bb text_align=\u00bbleft\u00bb full_screen_section_height=\u00bbno\u00bb css=\u00bb.vc_custom_1705602779100{margin-left: 0px !important;border-left-width: 0px !important;padding-top: 0px !important;padding-bottom: 0px !important;padding-left: 0px !important;}\u00bb][vc_column css=\u00bb.vc_custom_1705603255283{background-image: url(https:\/\/www.aquasportclubs.com\/wp-content\/uploads\/2024\/01\/Entrenament-personal-01-1-scaled.jpg?id=7255) !important;background-position: center !important;background-repeat: no-repeat !important;background-size: cover !important;}\u00bb el_class=\u00bbapp_schedule\u00bb][vc_raw_html css=\u00bb.vc_custom_1706035091366{margin-top: 40px !important;}\u00bb]JTNDZGl2JTIwY2xhc3MlM0QlMjJhcHBfdGl0bGUlMjIlM0UlMjBFTlRSRU5BTUVOVFMlM0NzcGFuJTNFJTIwUEVSU09OQUxTJTNDJTJGc3BhbiUzRSUzQyUyRmRpdiUzRQ==[\/vc_raw_html][vc_column_text el_class=\u00bbapp_subtitle handwritten\u00bb css=\u00bb.vc_custom_1706034656780{margin-top: 10px !important;}\u00bb]<\/p>\n<p style=\"text-align: center;\"><strong>Entrenament individualitzat amb uns objectius espec\u00edfics. Dins d&#8217;un horari flexible que s&#8217;adapta i amb una avaluaci\u00f3 inicial que permet el seguiment de tot el proc\u00e9s.<\/strong><\/p>\n<p style=\"text-align: center;\"><span style=\"color: #ffd20a;\"><strong>EXCLUSIU PER A SOCIS<\/strong><\/span><\/p>\n<p>[\/vc_column_text]<a  itemprop=\"url\" href=\"https:\/\/wa.link\/6olmx4\" target=\"_blank\"  class=\"qbutton  default\" style=\"\">Contactar<\/a>[\/vc_column][\/vc_row][vc_row css_animation=\u00bb\u00bb row_type=\u00bbrow\u00bb use_row_as_full_screen_section=\u00bbno\u00bb type=\u00bbfull_width\u00bb angled_section=\u00bbno\u00bb text_align=\u00bbleft\u00bb background_image_as_pattern=\u00bbwithout_pattern\u00bb][vc_column][vc_empty_space height=\u00bb100 px\u00bb][\/vc_column][\/vc_row][vc_row row_type=\u00bbparallax\u00bb parallax_content_width=\u00bbin_grid\u00bb text_align=\u00bbleft\u00bb full_screen_section_height=\u00bbno\u00bb css=\u00bb.vc_custom_1705602779100{margin-left: 0px !important;border-left-width: 0px !important;padding-top: 0px !important;padding-bottom: 0px !important;padding-left: 0px !important;}\u00bb][vc_column css=\u00bb.vc_custom_1705603280301{background-image: url(https:\/\/www.aquasportclubs.com\/wp-content\/uploads\/2024\/01\/Entrenament-personal-02-1-scaled.jpg?id=7253) !important;background-position: center !important;background-repeat: no-repeat !important;background-size: cover !important;}\u00bb el_class=\u00bbapp_schedule\u00bb][vc_raw_html css=\u00bb.vc_custom_1709049633361{margin-top: 40px !important;}\u00bb]JTNDZGl2JTIwY2xhc3MlM0QlMjJhcHBfdGl0bGUlMjIlM0UlMjBHUlVQJTIwUkVEVSVDMyU4RlQlMjAlM0NzcGFuJTNFRCUyN0VOVFJFTkFNRU5UJTNDJTJGc3BhbiUzRSUzQyUyRmRpdiUzRQ==[\/vc_raw_html][vc_column_text el_class=\u00bbapp_subtitle handwritten\u00bb css=\u00bb.vc_custom_1760528015087{margin-top: 10px !important;}\u00bb]<\/p>\n<p style=\"text-align: center;\"><strong>Tonificaci\u00f3 muscular i perduda de greix<\/strong><\/p>\n<p>[\/vc_column_text]<a  itemprop=\"url\" href=\"https:\/\/wa.link\/6olmx4\" target=\"_blank\"  class=\"qbutton  default\" style=\"\">Consulta horaris i informaci\u00f3<\/a>[\/vc_column][\/vc_row][vc_row css_animation=\u00bb\u00bb row_type=\u00bbrow\u00bb use_row_as_full_screen_section=\u00bbno\u00bb type=\u00bbfull_width\u00bb angled_section=\u00bbno\u00bb text_align=\u00bbleft\u00bb background_image_as_pattern=\u00bbwithout_pattern\u00bb][vc_column][vc_empty_space height=\u00bb100 px\u00bb][\/vc_column][\/vc_row]<\/p>\n","protected":false},"excerpt":{"rendered":"<p>[vc_row css_animation=\u00bb\u00bb row_type=\u00bbrow\u00bb use_row_as_full_screen_section=\u00bbno\u00bb type=\u00bbfull_width\u00bb angled_section=\u00bbno\u00bb text_align=\u00bbleft\u00bb background_image_as_pattern=\u00bbwithout_pattern\u00bb][vc_column][vc_empty_space height=\u00bb100 px\u00bb][\/vc_column][\/vc_row][vc_row row_type=\u00bbparallax\u00bb parallax_content_width=\u00bbin_grid\u00bb text_align=\u00bbleft\u00bb full_screen_section_height=\u00bbno\u00bb css=\u00bb.vc_custom_1705602779100{margin-left: 0px !important;border-left-width: 0px !important;padding-top: 0px !important;padding-bottom: 0px !important;padding-left: 0px !important;}\u00bb][vc_column css=\u00bb.vc_custom_1705603255283{background-image: url(https:\/\/www.aquasportclubs.com\/wp-content\/uploads\/2024\/01\/Entrenament-personal-01-1-scaled.jpg?id=7255) !important;background-position: center !important;background-repeat: no-repeat !important;background-size:&#8230;<\/p>\n","protected":false},"author":4,"featured_media":0,"parent":0,"menu_order":0,"comment_status":"closed","ping_status":"closed","template":"full_width.php","meta":{"footnotes":""},"acf":[],"yoast_head":"<!-- This site is optimized with the Yoast SEO plugin v19.11 - https:\/\/yoast.com\/wordpress\/plugins\/seo\/ -->\n<title>Entrenaments Personals | Aqua Sport Clubs<\/title>\n<meta name=\"description\" content=\"Amb l&#039;entrenament personal ens enfoquem a brindar-te una experi\u00e8ncia \u00fanica i adaptada a les teves metes individuals. El nostre equip de t\u00e8cnics altament qualificats est\u00e0 llest per a guiar-te cap al teu objectiu.\" \/>\n<meta name=\"robots\" content=\"index, follow, max-snippet:-1, max-image-preview:large, max-video-preview:-1\" \/>\n<link rel=\"canonical\" href=\"https:\/\/www.aquasportclubs.com\/entrenamiento-personal\/\" \/>\n<meta property=\"og:locale\" content=\"es_ES\" \/>\n<meta property=\"og:type\" content=\"article\" \/>\n<meta property=\"og:title\" content=\"Entrenaments Personals | Aqua Vilanova i la Geltr\u00fa\" \/>\n<meta property=\"og:description\" content=\"Amb l&#039;entrenament personal ens enfoquem a brindar-te una experi\u00e8ncia \u00fanica i adaptada a les teves metes individuals. El nostre equip de t\u00e8cnics altament qualificats est\u00e0 llest per a guiar-te cap al teu objectiu.\" \/>\n<meta property=\"og:url\" content=\"https:\/\/www.aquasportclubs.com\/ca\/entrenamiento-personal\/\" \/>\n<meta property=\"og:site_name\" content=\"Aqua Sport Clubs\" \/>\n<meta property=\"article:publisher\" content=\"https:\/\/www.facebook.com\/aquasportclubs\" \/>\n<meta property=\"article:modified_time\" content=\"2025-10-15T11:34:17+00:00\" \/>\n<meta property=\"og:image\" content=\"https:\/\/www.aquasportclubs.com\/wp-content\/uploads\/2024\/01\/803A3384-scaled.jpg\" \/>\n\t<meta property=\"og:image:width\" content=\"2560\" \/>\n\t<meta property=\"og:image:height\" content=\"1707\" \/>\n\t<meta property=\"og:image:type\" content=\"image\/jpeg\" \/>\n<meta name=\"twitter:label1\" content=\"Tiempo de lectura\" \/>\n\t<meta name=\"twitter:data1\" content=\"2 minutos\" \/>\n<script type=\"application\/ld+json\" class=\"yoast-schema-graph\">{\"@context\":\"https:\/\/schema.org\",\"@graph\":[{\"@type\":\"WebPage\",\"@id\":\"https:\/\/www.aquasportclubs.com\/ca\/entrenamiento-personal\/\",\"url\":\"https:\/\/www.aquasportclubs.com\/ca\/entrenamiento-personal\/\",\"name\":\"Entrenaments Personals | Aqua Sport Clubs\",\"isPartOf\":{\"@id\":\"https:\/\/www.aquasportclubs.com\/#website\"},\"datePublished\":\"2024-01-18T13:22:46+00:00\",\"dateModified\":\"2025-10-15T11:34:17+00:00\",\"description\":\"Amb l'entrenament personal ens enfoquem a brindar-te una experi\u00e8ncia \u00fanica i adaptada a les teves metes individuals. El nostre equip de t\u00e8cnics altament qualificats est\u00e0 llest per a guiar-te cap al teu objectiu.\",\"breadcrumb\":{\"@id\":\"https:\/\/www.aquasportclubs.com\/ca\/entrenamiento-personal\/#breadcrumb\"},\"inLanguage\":\"es\",\"potentialAction\":[{\"@type\":\"ReadAction\",\"target\":[\"https:\/\/www.aquasportclubs.com\/ca\/entrenamiento-personal\/\"]}]},{\"@type\":\"BreadcrumbList\",\"@id\":\"https:\/\/www.aquasportclubs.com\/ca\/entrenamiento-personal\/#breadcrumb\",\"itemListElement\":[{\"@type\":\"ListItem\",\"position\":1,\"name\":\"Portada\",\"item\":\"https:\/\/www.aquasportclubs.com\/\"},{\"@type\":\"ListItem\",\"position\":2,\"name\":\"Entrenaments Personals\"}]},{\"@type\":\"WebSite\",\"@id\":\"https:\/\/www.aquasportclubs.com\/#website\",\"url\":\"https:\/\/www.aquasportclubs.com\/\",\"name\":\"Aqua Sport Clubs\",\"description\":\"Gimnasio Aqua Sport Clubs, club de padel y centro de est\u00e9tica en Vilanova i la Geltr\u00fa\",\"publisher\":{\"@id\":\"https:\/\/www.aquasportclubs.com\/#organization\"},\"potentialAction\":[{\"@type\":\"SearchAction\",\"target\":{\"@type\":\"EntryPoint\",\"urlTemplate\":\"https:\/\/www.aquasportclubs.com\/?s={search_term_string}\"},\"query-input\":\"required name=search_term_string\"}],\"inLanguage\":\"es\"},{\"@type\":\"Organization\",\"@id\":\"https:\/\/www.aquasportclubs.com\/#organization\",\"name\":\"Aqua Sport Clubs Vilanova\",\"url\":\"https:\/\/www.aquasportclubs.com\/\",\"logo\":{\"@type\":\"ImageObject\",\"inLanguage\":\"es\",\"@id\":\"https:\/\/www.aquasportclubs.com\/#\/schema\/logo\/image\/\",\"url\":\"https:\/\/www.aquasportclubs.com\/wp-content\/uploads\/2019\/01\/Logo_Aqua-nou-e1557131934702.png\",\"contentUrl\":\"https:\/\/www.aquasportclubs.com\/wp-content\/uploads\/2019\/01\/Logo_Aqua-nou-e1557131934702.png\",\"width\":137,\"height\":40,\"caption\":\"Aqua Sport Clubs Vilanova\"},\"image\":{\"@id\":\"https:\/\/www.aquasportclubs.com\/#\/schema\/logo\/image\/\"},\"sameAs\":[\"https:\/\/www.instagram.com\/aquasportclubs\/\",\"https:\/\/www.linkedin.com\/company\/aquasportclubs\/\",\"https:\/\/www.youtube.com\/channel\/UC1boG7pQQ3Qg7QcrrYh13gw\",\"https:\/\/www.facebook.com\/aquasportclubs\"]}]}<\/script>\n<!-- \/ Yoast SEO plugin. -->","yoast_head_json":{"title":"Entrenaments Personals | Aqua Sport Clubs","description":"Amb l'entrenament personal ens enfoquem a brindar-te una experi\u00e8ncia \u00fanica i adaptada a les teves metes individuals. El nostre equip de t\u00e8cnics altament qualificats est\u00e0 llest per a guiar-te cap al teu objectiu.","robots":{"index":"index","follow":"follow","max-snippet":"max-snippet:-1","max-image-preview":"max-image-preview:large","max-video-preview":"max-video-preview:-1"},"canonical":"https:\/\/www.aquasportclubs.com\/entrenamiento-personal\/","og_locale":"es_ES","og_type":"article","og_title":"Entrenaments Personals | Aqua Vilanova i la Geltr\u00fa","og_description":"Amb l'entrenament personal ens enfoquem a brindar-te una experi\u00e8ncia \u00fanica i adaptada a les teves metes individuals. El nostre equip de t\u00e8cnics altament qualificats est\u00e0 llest per a guiar-te cap al teu objectiu.","og_url":"https:\/\/www.aquasportclubs.com\/ca\/entrenamiento-personal\/","og_site_name":"Aqua Sport Clubs","article_publisher":"https:\/\/www.facebook.com\/aquasportclubs","article_modified_time":"2025-10-15T11:34:17+00:00","og_image":[{"width":2560,"height":1707,"url":"https:\/\/www.aquasportclubs.com\/wp-content\/uploads\/2024\/01\/803A3384-scaled.jpg","type":"image\/jpeg"}],"twitter_misc":{"Tiempo de lectura":"2 minutos"},"schema":{"@context":"https:\/\/schema.org","@graph":[{"@type":"WebPage","@id":"https:\/\/www.aquasportclubs.com\/ca\/entrenamiento-personal\/","url":"https:\/\/www.aquasportclubs.com\/ca\/entrenamiento-personal\/","name":"Entrenaments Personals | Aqua Sport Clubs","isPartOf":{"@id":"https:\/\/www.aquasportclubs.com\/#website"},"datePublished":"2024-01-18T13:22:46+00:00","dateModified":"2025-10-15T11:34:17+00:00","description":"Amb l'entrenament personal ens enfoquem a brindar-te una experi\u00e8ncia \u00fanica i adaptada a les teves metes individuals. El nostre equip de t\u00e8cnics altament qualificats est\u00e0 llest per a guiar-te cap al teu objectiu.","breadcrumb":{"@id":"https:\/\/www.aquasportclubs.com\/ca\/entrenamiento-personal\/#breadcrumb"},"inLanguage":"es","potentialAction":[{"@type":"ReadAction","target":["https:\/\/www.aquasportclubs.com\/ca\/entrenamiento-personal\/"]}]},{"@type":"BreadcrumbList","@id":"https:\/\/www.aquasportclubs.com\/ca\/entrenamiento-personal\/#breadcrumb","itemListElement":[{"@type":"ListItem","position":1,"name":"Portada","item":"https:\/\/www.aquasportclubs.com\/"},{"@type":"ListItem","position":2,"name":"Entrenaments Personals"}]},{"@type":"WebSite","@id":"https:\/\/www.aquasportclubs.com\/#website","url":"https:\/\/www.aquasportclubs.com\/","name":"Aqua Sport Clubs","description":"Gimnasio Aqua Sport Clubs, club de padel y centro de est\u00e9tica en Vilanova i la Geltr\u00fa","publisher":{"@id":"https:\/\/www.aquasportclubs.com\/#organization"},"potentialAction":[{"@type":"SearchAction","target":{"@type":"EntryPoint","urlTemplate":"https:\/\/www.aquasportclubs.com\/?s={search_term_string}"},"query-input":"required name=search_term_string"}],"inLanguage":"es"},{"@type":"Organization","@id":"https:\/\/www.aquasportclubs.com\/#organization","name":"Aqua Sport Clubs Vilanova","url":"https:\/\/www.aquasportclubs.com\/","logo":{"@type":"ImageObject","inLanguage":"es","@id":"https:\/\/www.aquasportclubs.com\/#\/schema\/logo\/image\/","url":"https:\/\/www.aquasportclubs.com\/wp-content\/uploads\/2019\/01\/Logo_Aqua-nou-e1557131934702.png","contentUrl":"https:\/\/www.aquasportclubs.com\/wp-content\/uploads\/2019\/01\/Logo_Aqua-nou-e1557131934702.png","width":137,"height":40,"caption":"Aqua Sport Clubs Vilanova"},"image":{"@id":"https:\/\/www.aquasportclubs.com\/#\/schema\/logo\/image\/"},"sameAs":["https:\/\/www.instagram.com\/aquasportclubs\/","https:\/\/www.linkedin.com\/company\/aquasportclubs\/","https:\/\/www.youtube.com\/channel\/UC1boG7pQQ3Qg7QcrrYh13gw","https:\/\/www.facebook.com\/aquasportclubs"]}]}},"_links":{"self":[{"href":"https:\/\/www.aquasportclubs.com\/ca\/wp-json\/wp\/v2\/pages\/7313\/"}],"collection":[{"href":"https:\/\/www.aquasportclubs.com\/ca\/wp-json\/wp\/v2\/pages\/"}],"about":[{"href":"https:\/\/www.aquasportclubs.com\/ca\/wp-json\/wp\/v2\/types\/page\/"}],"author":[{"embeddable":true,"href":"https:\/\/www.aquasportclubs.com\/ca\/wp-json\/wp\/v2\/users\/4\/"}],"replies":[{"embeddable":true,"href":"https:\/\/www.aquasportclubs.com\/ca\/wp-json\/wp\/v2\/comments\/?post=7313"}],"version-history":[{"count":6,"href":"https:\/\/www.aquasportclubs.com\/ca\/wp-json\/wp\/v2\/pages\/7313\/revisions\/"}],"predecessor-version":[{"id":7951,"href":"https:\/\/www.aquasportclubs.com\/ca\/wp-json\/wp\/v2\/pages\/7313\/revisions\/7951\/"}],"wp:attachment":[{"href":"https:\/\/www.aquasportclubs.com\/ca\/wp-json\/wp\/v2\/media\/?parent=7313"}],"curies":[{"name":"wp","href":"https:\/\/api.w.org\/{rel}","templated":true}]}}