{"id":6028,"date":"2022-05-24T09:49:36","date_gmt":"2022-05-24T07:49:36","guid":{"rendered":"https:\/\/www.aquasportclubs.com\/lift\/"},"modified":"2022-05-24T09:52:47","modified_gmt":"2022-05-24T07:52:47","slug":"lift","status":"publish","type":"page","link":"https:\/\/www.aquasportclubs.com\/ca\/lift\/","title":{"rendered":"Lift"},"content":{"rendered":"<p>[vc_row css_animation=\u00bb\u00bb row_type=\u00bbrow\u00bb use_row_as_full_screen_section=\u00bbno\u00bb type=\u00bbfull_width\u00bb angled_section=\u00bbno\u00bb text_align=\u00bbcenter\u00bb background_image_as_pattern=\u00bbwithout_pattern\u00bb background_color=\u00bb#f5f8fb\u00bb z_index=\u00bb\u00bb css=\u00bb.vc_custom_1544570253166{background-color: #06191e !important;}\u00bb][vc_column offset=\u00bbvc_col-lg-offset-1 vc_col-lg-10&#8243;][vc_empty_space][vc_row_inner row_type=\u00bbrow\u00bb type=\u00bbfull_width\u00bb text_align=\u00bbleft\u00bb css_animation=\u00bb\u00bb][vc_column_inner width=\u00bb1\/2&#8243;][vc_column_text css=\u00bb.vc_custom_1653376183473{padding-bottom: 10px !important;}\u00bb]<\/p>\n<h2 style=\"padding-left: 15px;\"><span style=\"color: #ffffff;\">Lift Aqua<\/span><\/h2>\n<p>[\/vc_column_text][vc_column_text]LIFT el nou model boutique de AQUA enfocat al concepte weight LIFT training, que trenca l&#8217;estructura actual de les sales de fitness.<\/p>\n<p>Els treballs venen liderats per la Dissenyadora Isabel Garc\u00eda especialista en espais de fitness i l&#8217;empresa d&#8217;il\u00b7luminaci\u00f3 i sonoritzaci\u00f3 1\u00a0Team. Teles, mobiliari i papers pintats conformen un atmosfera glamurosa, unisex i innovadora.<\/p>\n<p>Una obra amb una inversi\u00f3 superior als 450.000\u20ac, conformen un espai espec\u00edfic de 650m2 equipat \u00edntegrament amb la l\u00ednia pure i cable station de Technogym dins d&#8217;un entorn per a l&#8217;entrenament funcional i de rendiment en aquest cas zero tecnol\u00f2gic.<\/p>\n<p>Enfocat al p\u00fablic jove fins a 35 anys amb un equilibri al 50% entre homes i dones. Hem adaptat l&#8217;est\u00e8tica i l&#8217;ambientaci\u00f3 de l&#8217;espai al prop\u00f2sit d&#8217;aquesta mena d&#8217;entrenament; generant una atmosfera que tamb\u00e9 potencia la difusi\u00f3 en xarxes socials de l&#8217;estil de vida i l&#8217;entrenament dels usuaris.<\/p>\n<p>Amb un espectacular acolliment per part dels clients. LIFT culmina el proc\u00e9s de boutiquizaci\u00f3 que AQUA va iniciar en el 2018. Sent pioners a Espanya en aquest concepte entenent la necessitat d&#8217;especialitzar els nostres espais i serveis. Generem \u00e0rees que respiren el contingut de l&#8217;activitat que exerceixen.<\/p>\n<p>Decoraci\u00f3, innovaci\u00f3, digitalitzaci\u00f3 i experi\u00e8ncia de client en cadascuna de les parcel\u00b7les que abordem. Conceptes com strength, theater, bootcamp, crossgym, outdoor jail, streetcycling, fitness electr\u00f2nic i fitnesslab conformen al costat del nou LIFT el model multiboutique de AQUA SPORT CLUBS.[\/vc_column_text][\/vc_column_inner][vc_column_inner width=\u00bb1\/2&#8243;][vc_video link=\u00bbhttps:\/\/youtu.be\/4OzrPZt9umw\u00bb][\/vc_column_inner][vc_column_inner][\/vc_column_inner][\/vc_row_inner][vc_empty_space height=\u00bb60px\u00bb][\/vc_column][\/vc_row]<\/p>\n","protected":false},"excerpt":{"rendered":"<p>[vc_row css_animation=\u00bb\u00bb row_type=\u00bbrow\u00bb use_row_as_full_screen_section=\u00bbno\u00bb type=\u00bbfull_width\u00bb angled_section=\u00bbno\u00bb text_align=\u00bbcenter\u00bb background_image_as_pattern=\u00bbwithout_pattern\u00bb background_color=\u00bb#f5f8fb\u00bb z_index=\u00bb\u00bb css=\u00bb.vc_custom_1544570253166{background-color: #06191e !important;}\u00bb][vc_column offset=\u00bbvc_col-lg-offset-1 vc_col-lg-10&#8243;][vc_empty_space][vc_row_inner row_type=\u00bbrow\u00bb type=\u00bbfull_width\u00bb text_align=\u00bbleft\u00bb css_animation=\u00bb\u00bb][vc_column_inner width=\u00bb1\/2&#8243;][vc_column_text css=\u00bb.vc_custom_1653376183473{padding-bottom: 10px !important;}\u00bb] Lift Aqua [\/vc_column_text][vc_column_text]LIFT el nou model boutique de AQUA&#8230;<\/p>\n","protected":false},"author":4,"featured_media":0,"parent":0,"menu_order":0,"comment_status":"closed","ping_status":"closed","template":"full_width.php","meta":{"footnotes":""},"acf":[],"yoast_head":"<!-- This site is optimized with the Yoast SEO plugin v19.11 - https:\/\/yoast.com\/wordpress\/plugins\/seo\/ -->\n<title>LIFT | Espai d&#039;entrenament enfocat al concepte Weight LIFT training<\/title>\n<meta name=\"description\" content=\"LIFT el nou model boutique de AQUA enfocat al concepte de weight LIFT training, que trenca l&#039;estructura actual de les sales de fitness. LIFT el nou model boutique de AQUA enfocat al concepte de weight LIFT training, que trenca l&#039;estructura actual dels surts de fitness.\" \/>\n<meta name=\"robots\" content=\"index, follow, max-snippet:-1, max-image-preview:large, max-video-preview:-1\" \/>\n<link rel=\"canonical\" href=\"https:\/\/www.aquasportclubs.com\/lift\/\" \/>\n<meta property=\"og:locale\" content=\"es_ES\" \/>\n<meta property=\"og:type\" content=\"article\" \/>\n<meta property=\"og:title\" content=\"LIFT | Espai d&#039;entrenament enfocat al concepte Weight LIFT training\" \/>\n<meta property=\"og:description\" content=\"LIFT el nou model boutique de AQUA enfocat al concepte de weight LIFT training, que trenca l&#039;estructura actual de les sales de fitness. LIFT el nou model boutique de AQUA enfocat al concepte de weight LIFT training, que trenca l&#039;estructura actual dels surts de fitness.\" \/>\n<meta property=\"og:url\" content=\"https:\/\/www.aquasportclubs.com\/ca\/lift\/\" \/>\n<meta property=\"og:site_name\" content=\"Aqua Sport Clubs\" \/>\n<meta property=\"article:publisher\" content=\"https:\/\/www.facebook.com\/aquasportclubs\" \/>\n<meta property=\"article:modified_time\" content=\"2022-05-24T07:52:47+00:00\" \/>\n<meta property=\"og:image\" content=\"https:\/\/www.aquasportclubs.com\/wp-content\/uploads\/2022\/05\/JAY3826.jpg\" \/>\n\t<meta property=\"og:image:width\" content=\"1707\" \/>\n\t<meta property=\"og:image:height\" content=\"2560\" \/>\n\t<meta property=\"og:image:type\" content=\"image\/jpeg\" \/>\n<meta name=\"twitter:label1\" content=\"Tiempo de lectura\" \/>\n\t<meta name=\"twitter:data1\" content=\"2 minutos\" \/>\n<script type=\"application\/ld+json\" class=\"yoast-schema-graph\">{\"@context\":\"https:\/\/schema.org\",\"@graph\":[{\"@type\":\"WebPage\",\"@id\":\"https:\/\/www.aquasportclubs.com\/ca\/lift\/\",\"url\":\"https:\/\/www.aquasportclubs.com\/ca\/lift\/\",\"name\":\"LIFT | Espai d'entrenament enfocat al concepte Weight LIFT training\",\"isPartOf\":{\"@id\":\"https:\/\/www.aquasportclubs.com\/#website\"},\"datePublished\":\"2022-05-24T07:49:36+00:00\",\"dateModified\":\"2022-05-24T07:52:47+00:00\",\"description\":\"LIFT el nou model boutique de AQUA enfocat al concepte de weight LIFT training, que trenca l'estructura actual de les sales de fitness. LIFT el nou model boutique de AQUA enfocat al concepte de weight LIFT training, que trenca l'estructura actual dels surts de fitness.\",\"breadcrumb\":{\"@id\":\"https:\/\/www.aquasportclubs.com\/ca\/lift\/#breadcrumb\"},\"inLanguage\":\"es\",\"potentialAction\":[{\"@type\":\"ReadAction\",\"target\":[\"https:\/\/www.aquasportclubs.com\/ca\/lift\/\"]}]},{\"@type\":\"BreadcrumbList\",\"@id\":\"https:\/\/www.aquasportclubs.com\/ca\/lift\/#breadcrumb\",\"itemListElement\":[{\"@type\":\"ListItem\",\"position\":1,\"name\":\"Portada\",\"item\":\"https:\/\/www.aquasportclubs.com\/\"},{\"@type\":\"ListItem\",\"position\":2,\"name\":\"Lift\"}]},{\"@type\":\"WebSite\",\"@id\":\"https:\/\/www.aquasportclubs.com\/#website\",\"url\":\"https:\/\/www.aquasportclubs.com\/\",\"name\":\"Aqua Sport Clubs\",\"description\":\"Gimnasio Aqua Sport Clubs, club de padel y centro de est\u00e9tica en Vilanova i la Geltr\u00fa\",\"publisher\":{\"@id\":\"https:\/\/www.aquasportclubs.com\/#organization\"},\"potentialAction\":[{\"@type\":\"SearchAction\",\"target\":{\"@type\":\"EntryPoint\",\"urlTemplate\":\"https:\/\/www.aquasportclubs.com\/?s={search_term_string}\"},\"query-input\":\"required name=search_term_string\"}],\"inLanguage\":\"es\"},{\"@type\":\"Organization\",\"@id\":\"https:\/\/www.aquasportclubs.com\/#organization\",\"name\":\"Aqua Sport Clubs Vilanova\",\"url\":\"https:\/\/www.aquasportclubs.com\/\",\"logo\":{\"@type\":\"ImageObject\",\"inLanguage\":\"es\",\"@id\":\"https:\/\/www.aquasportclubs.com\/#\/schema\/logo\/image\/\",\"url\":\"https:\/\/www.aquasportclubs.com\/wp-content\/uploads\/2019\/01\/Logo_Aqua-nou-e1557131934702.png\",\"contentUrl\":\"https:\/\/www.aquasportclubs.com\/wp-content\/uploads\/2019\/01\/Logo_Aqua-nou-e1557131934702.png\",\"width\":137,\"height\":40,\"caption\":\"Aqua Sport Clubs Vilanova\"},\"image\":{\"@id\":\"https:\/\/www.aquasportclubs.com\/#\/schema\/logo\/image\/\"},\"sameAs\":[\"https:\/\/www.instagram.com\/aquasportclubs\/\",\"https:\/\/www.linkedin.com\/company\/aquasportclubs\/\",\"https:\/\/www.youtube.com\/channel\/UC1boG7pQQ3Qg7QcrrYh13gw\",\"https:\/\/www.facebook.com\/aquasportclubs\"]}]}<\/script>\n<!-- \/ Yoast SEO plugin. -->","yoast_head_json":{"title":"LIFT | Espai d'entrenament enfocat al concepte Weight LIFT training","description":"LIFT el nou model boutique de AQUA enfocat al concepte de weight LIFT training, que trenca l'estructura actual de les sales de fitness. LIFT el nou model boutique de AQUA enfocat al concepte de weight LIFT training, que trenca l'estructura actual dels surts de fitness.","robots":{"index":"index","follow":"follow","max-snippet":"max-snippet:-1","max-image-preview":"max-image-preview:large","max-video-preview":"max-video-preview:-1"},"canonical":"https:\/\/www.aquasportclubs.com\/lift\/","og_locale":"es_ES","og_type":"article","og_title":"LIFT | Espai d'entrenament enfocat al concepte Weight LIFT training","og_description":"LIFT el nou model boutique de AQUA enfocat al concepte de weight LIFT training, que trenca l'estructura actual de les sales de fitness. LIFT el nou model boutique de AQUA enfocat al concepte de weight LIFT training, que trenca l'estructura actual dels surts de fitness.","og_url":"https:\/\/www.aquasportclubs.com\/ca\/lift\/","og_site_name":"Aqua Sport Clubs","article_publisher":"https:\/\/www.facebook.com\/aquasportclubs","article_modified_time":"2022-05-24T07:52:47+00:00","og_image":[{"width":1707,"height":2560,"url":"https:\/\/www.aquasportclubs.com\/wp-content\/uploads\/2022\/05\/JAY3826.jpg","type":"image\/jpeg"}],"twitter_misc":{"Tiempo de lectura":"2 minutos"},"schema":{"@context":"https:\/\/schema.org","@graph":[{"@type":"WebPage","@id":"https:\/\/www.aquasportclubs.com\/ca\/lift\/","url":"https:\/\/www.aquasportclubs.com\/ca\/lift\/","name":"LIFT | Espai d'entrenament enfocat al concepte Weight LIFT training","isPartOf":{"@id":"https:\/\/www.aquasportclubs.com\/#website"},"datePublished":"2022-05-24T07:49:36+00:00","dateModified":"2022-05-24T07:52:47+00:00","description":"LIFT el nou model boutique de AQUA enfocat al concepte de weight LIFT training, que trenca l'estructura actual de les sales de fitness. LIFT el nou model boutique de AQUA enfocat al concepte de weight LIFT training, que trenca l'estructura actual dels surts de fitness.","breadcrumb":{"@id":"https:\/\/www.aquasportclubs.com\/ca\/lift\/#breadcrumb"},"inLanguage":"es","potentialAction":[{"@type":"ReadAction","target":["https:\/\/www.aquasportclubs.com\/ca\/lift\/"]}]},{"@type":"BreadcrumbList","@id":"https:\/\/www.aquasportclubs.com\/ca\/lift\/#breadcrumb","itemListElement":[{"@type":"ListItem","position":1,"name":"Portada","item":"https:\/\/www.aquasportclubs.com\/"},{"@type":"ListItem","position":2,"name":"Lift"}]},{"@type":"WebSite","@id":"https:\/\/www.aquasportclubs.com\/#website","url":"https:\/\/www.aquasportclubs.com\/","name":"Aqua Sport Clubs","description":"Gimnasio Aqua Sport Clubs, club de padel y centro de est\u00e9tica en Vilanova i la Geltr\u00fa","publisher":{"@id":"https:\/\/www.aquasportclubs.com\/#organization"},"potentialAction":[{"@type":"SearchAction","target":{"@type":"EntryPoint","urlTemplate":"https:\/\/www.aquasportclubs.com\/?s={search_term_string}"},"query-input":"required name=search_term_string"}],"inLanguage":"es"},{"@type":"Organization","@id":"https:\/\/www.aquasportclubs.com\/#organization","name":"Aqua Sport Clubs Vilanova","url":"https:\/\/www.aquasportclubs.com\/","logo":{"@type":"ImageObject","inLanguage":"es","@id":"https:\/\/www.aquasportclubs.com\/#\/schema\/logo\/image\/","url":"https:\/\/www.aquasportclubs.com\/wp-content\/uploads\/2019\/01\/Logo_Aqua-nou-e1557131934702.png","contentUrl":"https:\/\/www.aquasportclubs.com\/wp-content\/uploads\/2019\/01\/Logo_Aqua-nou-e1557131934702.png","width":137,"height":40,"caption":"Aqua Sport Clubs Vilanova"},"image":{"@id":"https:\/\/www.aquasportclubs.com\/#\/schema\/logo\/image\/"},"sameAs":["https:\/\/www.instagram.com\/aquasportclubs\/","https:\/\/www.linkedin.com\/company\/aquasportclubs\/","https:\/\/www.youtube.com\/channel\/UC1boG7pQQ3Qg7QcrrYh13gw","https:\/\/www.facebook.com\/aquasportclubs"]}]}},"_links":{"self":[{"href":"https:\/\/www.aquasportclubs.com\/ca\/wp-json\/wp\/v2\/pages\/6028\/"}],"collection":[{"href":"https:\/\/www.aquasportclubs.com\/ca\/wp-json\/wp\/v2\/pages\/"}],"about":[{"href":"https:\/\/www.aquasportclubs.com\/ca\/wp-json\/wp\/v2\/types\/page\/"}],"author":[{"embeddable":true,"href":"https:\/\/www.aquasportclubs.com\/ca\/wp-json\/wp\/v2\/users\/4\/"}],"replies":[{"embeddable":true,"href":"https:\/\/www.aquasportclubs.com\/ca\/wp-json\/wp\/v2\/comments\/?post=6028"}],"version-history":[{"count":1,"href":"https:\/\/www.aquasportclubs.com\/ca\/wp-json\/wp\/v2\/pages\/6028\/revisions\/"}],"predecessor-version":[{"id":6029,"href":"https:\/\/www.aquasportclubs.com\/ca\/wp-json\/wp\/v2\/pages\/6028\/revisions\/6029\/"}],"wp:attachment":[{"href":"https:\/\/www.aquasportclubs.com\/ca\/wp-json\/wp\/v2\/media\/?parent=6028"}],"curies":[{"name":"wp","href":"https:\/\/api.w.org\/{rel}","templated":true}]}}