{"id":3220,"date":"2019-01-18T09:40:18","date_gmt":"2019-01-18T09:40:18","guid":{"rendered":"https:\/\/www.aquasportclubs.com\/termes-legals\/"},"modified":"2025-02-11T18:15:28","modified_gmt":"2025-02-11T16:15:28","slug":"termes-legals","status":"publish","type":"page","link":"https:\/\/www.aquasportclubs.com\/ca\/termes-legals\/","title":{"rendered":"Termes Legals"},"content":{"rendered":"<p>[vc_row css_animation=\u00bb\u00bb row_type=\u00bbrow\u00bb use_row_as_full_screen_section=\u00bbno\u00bb type=\u00bbfull_width\u00bb angled_section=\u00bbno\u00bb text_align=\u00bbleft\u00bb background_image_as_pattern=\u00bbwithout_pattern\u00bb][vc_column][vc_column_text]La present normativa t\u00e9 com a objectiu, determinar les condicions sota les que l&#8217;usuari podr\u00e0 gaudir de les instal\u00b7lacions i serveis. El compliment de la normativa de AQUA contribueix al correcte funcionament del mateix centre, l&#8217;assoliment de la qualitat de servei comprom\u00e8s i al manteniment i conservaci\u00f3 adequada de les instal\u00b7lacions i equipaments que el constitueixen.<\/p>\n<h4>NORMATIVA DEL CENTRE:<\/h4>\n<ol>\n<li>L&#8217;usuari t\u00e9 dret a utilitzar les instal\u00b7lacions de la forma que preveu aquesta normativa, sempre que estigui al corrent de pagaments i hagi espais lliures per utilitzar. El no pagament del rebut del mes, comportar\u00e0 la p\u00e8rdua de la condici\u00f3 d&#8217;abonat, aix\u00ed com tots els drets adquirits.<\/li>\n<li>Tot abonat haur\u00e0 d&#8217;identificar-se a petici\u00f3 de qualsevol treballador de la instal\u00b7laci\u00f3. A aquest efecte ha d&#8217;acompanyar el mateix fins al punt de recepci\u00f3 per verificar la seva condici\u00f3.<\/li>\n<li>\u00c9s obligatori per a tots els usuaris de la instal\u00b7laci\u00f3 utilitzar el cal\u00e7at adequat per a la pr\u00e0ctica esportiva \/ zona termal \/ zones mixtes, i no es permetr\u00e0 utilitzar els diferents espais a cap usuari que no vesteixi adequadament.<\/li>\n<li>La instal\u00b7laci\u00f3 romandr\u00e0 oberta per al seu \u00fas:<br \/>\nDe dilluns a divendres de 6h a 21h.<br \/>\nDissabtes de 8:00h a 14:00h i de 17h a 21h<br \/>\nDiumenges i festius de 8:00 a 14:00<\/li>\n<li>La forma de pagament d&#8217;un soci nou ser\u00e0 en met\u00e0l\u00b7lic, tant la matr\u00edcula com la primera mensualitat, passant al pagament del rebut bancari en el segon mes i successius.<\/li>\n<li>El devoluci\u00f3 per incid\u00e8ncia o per ordre del client ser\u00e0 penalitzat amb 3 \u20ac propis de les despeses de gesti\u00f3.<\/li>\n<li>Tots els serveis de pagament fora de la quota es faran efectius mitjan\u00e7ant targeta o en met\u00e0l\u00b7lic despr\u00e9s del tractament, i nom\u00e9s en el cas de l&#8217;entrada d&#8217;un dia es far\u00e0 efectiu a la recepci\u00f3 abans de l&#8217;acc\u00e9s.<\/li>\n<li>L&#8217;entrada al centre ser\u00e0 a partir dels 14 anys.<\/li>\n<li>Per donar-se de baixa en el centre caldr\u00e0 personar-se i cursar la ren\u00fancia personalment abans del 25 del mes anterior a la cancel\u00b7laci\u00f3. Mentre que per als canvis en l&#8217;abonament podr\u00e0 fer-ho tamb\u00e9 mitjan\u00e7ant tel\u00e8fon.<\/li>\n<li>No es permet fumar a tot el recinte, portar mascotes, accedir amb patins, bicicletes&#8230; aix\u00ed com menjar fora dels llocs habilitats a aquest efecte, com la cafeteria.<\/li>\n<li>La instal\u00b7laci\u00f3 no es fa responsable dels objectes perduts o extraviats, recomanant als nostres associats que en cas de portar objectes de valor, els dipositin a les taquilles de seguretat ubicades a la planta baixa del centre.<\/li>\n<li>La direcci\u00f3 es reserva el dret a retirar l&#8217;autoritzaci\u00f3 i el dret d&#8217;utilitzaci\u00f3 total o parcial a qui no respecti els serveis, el material i la conviv\u00e8ncia amb els altres socis i\/o treballadors de manera temporal o definitiva.<\/li>\n<li>El preus seran revisats anualment en el mes de febrer sent la direcci\u00f3 l&#8217;\u00fanica amb potestat per a aix\u00f2 i de manera unilateral.<\/li>\n<li>Qualsevol desperfecte intencional en qualsevol zona del recinte ser\u00e0 abonat per la persona causant i ser\u00e0 motiu de sanci\u00f3.<\/li>\n<li>Les taquilles dels vestuaris s\u00f3n d&#8217;\u00fas diari i sense moneda, de manera que no \u00e9s perm\u00e8s deixar cap tipus d&#8217;objecte d&#8217;un dia per l&#8217;altre aix\u00ed com deixar la taquilla tancada amb cadenat. Totes les taquilles ser\u00e0n obertes i buidades al final de la jornada.<\/li>\n<\/ol>\n<h4>NORMATIVA DE LA SALA DE FITNESS:<\/h4>\n<ol>\n<li>No es permetr\u00e0 l&#8217;entrada i la utilitzaci\u00f3 del material de la sala de fitness als menors de 14 anys.<\/li>\n<li>\u00c9s obligatori l&#8217;\u00fas de la tovallola per raons d&#8217;higiene.<\/li>\n<li>No es permet caminar sense cal\u00e7at per a la sala de fitness<\/li>\n<li>Per a l&#8217;\u00fas responsable per part de tots, aconsellem realitzar els temps de recuperaci\u00f3 fora de la m\u00e0quina, facilitant l&#8217;\u00fas dels altres socis.<\/li>\n<li>No es permet entrar amb cal\u00e7at ni roba no esportiva aix\u00ed com amb begudes o bosses de menjar a la sala.<\/li>\n<li>\u00das obligatori de cal\u00e7at esportiu adequat per a la pr\u00e0ctica esportiva. Queda prohibit l&#8217;\u00fas de les xancletes a qualsevol zona excepte els vestidors i la zona termal.<\/li>\n<li>\u00c9s important beure aigua abans, durant i despr\u00e9s de l&#8217;activitat f\u00edsica.<\/li>\n<\/ol>\n<h4>NORMATIVA ZONA TERMAL:<\/h4>\n<ol>\n<li>\u00c9s obligatori portar roba de bany, casquet de piscina i sabatilles de goma per accedir a la zona termal.<\/li>\n<li>\u00c9s obligatori dutxar-se abans d&#8217;entrar a la piscina o banyera d&#8217;hidromassatge, aix\u00ed com aconsella un m\u00e0xim de 15 minuts tant a les saunes com al jacuzzi.<\/li>\n<li>\u00c9s recomanable despla\u00e7ar-se per la platja de la piscina caminant i amb cal\u00e7at de goma i es prohibeix c\u00f3rrer ni emp\u00e8nyer a fi d&#8217;evitar caigudes.<\/li>\n<li>Est\u00e0 totalment prohibit afaitar-dins de les saunes quedant els vestidors habilitats a aquest efecte.<\/li>\n<li>No es pot utilitzar el material propi de les activitats dirigides a la piscina fora d&#8217;aquestes activitats sense perm\u00eds.<\/li>\n<li>Qualsevol usuari de la zona termal amb alguna disfunci\u00f3, lesi\u00f3, malaltia card\u00edaca, respirat\u00f2ria, o de tipus epil\u00e8ptic &#8230; no hauria de venir sol\/a i seria recomanable fer-ho saber en tot cas al responsable de l&#8217;atenci\u00f3 al client o a la direcci\u00f3 del centre.<\/li>\n<li>Est\u00e0 prohibit entrar amb cal\u00e7at de carrer a la zona termal aix\u00ed com menjar o beure.<\/li>\n<li>Si l&#8217;usuari pateix infeccions a la pell o oculars cal que el consulti al metge abans de fer \u00fas de la piscina, de la mateixa manera que els usuaris que pateixin alteracions circulat\u00f2ries hauran de consultar al seu metge abans d&#8217;utilitzar les saunes.<\/li>\n<li>Es recomana a les embarassades, persones amb problemes d&#8217;hipertensi\u00f3, cardiopaties greus o lleus i\/o varius, no utilitzar les saunes.<\/li>\n<li>\u00c9s aconsellable abandonar immediatament les zones termals en cas de sentir malestar i comunicar-ho al personal de AQUA.<\/li>\n<li>\u00c9s important hidratar-se abans, durant i despr\u00e9s de les sessions termals.<\/li>\n<li>\u00c9s important accedir a la zona termal sense maquillatge, qualsevol tipus de cosm\u00e8tic o crema corporal.<\/li>\n<li>Per a la millor relaxaci\u00f3 s&#8217;aconsella moderar el to de veu i no jugar a pilota o qualsevol tipus de joc o esport que alteri la calma i relaxaci\u00f3 de la zona.<\/li>\n<\/ol>\n<h4>NORMATIVA SALA D&#8217;ACTIVITATS DIRIGIDES:<\/h4>\n<ol>\n<li>No es permetr\u00e0 el lliure \u00fas de les sales d&#8217;activitats<\/li>\n<li>Si utilitzeu material per a les activitats, recordeu tornar al seu lloc i posici\u00f3 tal com l&#8217;ha trobat.<\/li>\n<li>S&#8217;ha d&#8217;utilitzar tovalloles adequades per a les activitats dirigides.<\/li>\n<li>Per la seva pr\u00f2pia seguretat i amb motiu de no interrompre el transcurs de l&#8217;activitat no es permet entrar a les activitats transcorreguts els 10 minuts de l&#8217;inici de la classe.<\/li>\n<li>Les finestres, els aparells d&#8217;aire condicionat i els equips de m\u00fasica seran manipulats \u00fanicament per personal de AQUA.<\/li>\n<li>La instal\u00b7laci\u00f3 es reserva el dret de modificar o suspendre els horaris de les activitats i els t\u00e8cnics que impartiran la classe en funci\u00f3 de les necessitats.<\/li>\n<li>El reglament ser\u00e0 d&#8217;aplicaci\u00f3 a tots els usuaris d&#8217;Aqua i totes aquelles persones que accedeixin a la instal\u00b7laci\u00f3.<\/li>\n<li>Es recomana NO portar el tel\u00e8fon a les sales d&#8217;activitats.<\/li>\n<\/ol>\n<p>[\/vc_column_text][vc_separator type=\u00bbtransparent\u00bb up=\u00bb20px\u00bb][vc_column_text]L&#8217;\u00fas indegut de les instal\u00b7lacions, serveis i l&#8217;incompliment del reglament, poden ser motiu d&#8217;expulsi\u00f3 temporal o definitiva de la instal\u00b7laci\u00f3 esportiva.[\/vc_column_text][\/vc_column][\/vc_row]<\/p>\n","protected":false},"excerpt":{"rendered":"<p>[vc_row css_animation=\u00bb\u00bb row_type=\u00bbrow\u00bb use_row_as_full_screen_section=\u00bbno\u00bb type=\u00bbfull_width\u00bb angled_section=\u00bbno\u00bb text_align=\u00bbleft\u00bb background_image_as_pattern=\u00bbwithout_pattern\u00bb][vc_column][vc_column_text]La present normativa t\u00e9 com a objectiu, determinar les condicions sota les que l&#8217;usuari podr\u00e0 gaudir de les instal\u00b7lacions i serveis. El compliment de la&#8230;<\/p>\n","protected":false},"author":4,"featured_media":0,"parent":0,"menu_order":0,"comment_status":"closed","ping_status":"closed","template":"","meta":{"footnotes":""},"acf":[],"yoast_head":"<!-- This site is optimized with the Yoast SEO plugin v19.11 - https:\/\/yoast.com\/wordpress\/plugins\/seo\/ -->\n<title>Termes Legals - Aqua Sport Clubs<\/title>\n<meta name=\"robots\" content=\"noindex, nofollow\" \/>\n<meta property=\"og:locale\" content=\"es_ES\" \/>\n<meta property=\"og:type\" content=\"article\" \/>\n<meta property=\"og:title\" content=\"Termes Legals - Aqua Sport Clubs\" \/>\n<meta property=\"og:description\" content=\"[vc_row css_animation=\u00bb\u00bb row_type=\u00bbrow\u00bb use_row_as_full_screen_section=\u00bbno\u00bb type=\u00bbfull_width\u00bb angled_section=\u00bbno\u00bb text_align=\u00bbleft\u00bb background_image_as_pattern=\u00bbwithout_pattern\u00bb][vc_column][vc_column_text]La present normativa t\u00e9 com a objectiu, determinar les condicions sota les que l&#8217;usuari podr\u00e0 gaudir de les instal\u00b7lacions i serveis. El compliment de la...\" \/>\n<meta property=\"og:url\" content=\"https:\/\/www.aquasportclubs.com\/ca\/termes-legals\/\" \/>\n<meta property=\"og:site_name\" content=\"Aqua Sport Clubs\" \/>\n<meta property=\"article:publisher\" content=\"https:\/\/www.facebook.com\/aquasportclubs\" \/>\n<meta property=\"article:modified_time\" content=\"2025-02-11T16:15:28+00:00\" \/>\n<meta property=\"og:image\" content=\"https:\/\/www.aquasportclubs.com\/wp-content\/uploads\/2019\/05\/gimnasio-aqua-vilanova-i-la-geltru.jpg\" \/>\n\t<meta property=\"og:image:width\" content=\"1200\" \/>\n\t<meta property=\"og:image:height\" content=\"901\" \/>\n\t<meta property=\"og:image:type\" content=\"image\/jpeg\" \/>\n<meta name=\"twitter:label1\" content=\"Tiempo de lectura\" \/>\n\t<meta name=\"twitter:data1\" content=\"6 minutos\" \/>\n<script type=\"application\/ld+json\" class=\"yoast-schema-graph\">{\"@context\":\"https:\/\/schema.org\",\"@graph\":[{\"@type\":\"WebPage\",\"@id\":\"https:\/\/www.aquasportclubs.com\/ca\/termes-legals\/\",\"url\":\"https:\/\/www.aquasportclubs.com\/ca\/termes-legals\/\",\"name\":\"Termes Legals - Aqua Sport Clubs\",\"isPartOf\":{\"@id\":\"https:\/\/www.aquasportclubs.com\/#website\"},\"datePublished\":\"2019-01-18T09:40:18+00:00\",\"dateModified\":\"2025-02-11T16:15:28+00:00\",\"breadcrumb\":{\"@id\":\"https:\/\/www.aquasportclubs.com\/ca\/termes-legals\/#breadcrumb\"},\"inLanguage\":\"es\",\"potentialAction\":[{\"@type\":\"ReadAction\",\"target\":[\"https:\/\/www.aquasportclubs.com\/ca\/termes-legals\/\"]}]},{\"@type\":\"BreadcrumbList\",\"@id\":\"https:\/\/www.aquasportclubs.com\/ca\/termes-legals\/#breadcrumb\",\"itemListElement\":[{\"@type\":\"ListItem\",\"position\":1,\"name\":\"Portada\",\"item\":\"https:\/\/www.aquasportclubs.com\/\"},{\"@type\":\"ListItem\",\"position\":2,\"name\":\"Termes Legals\"}]},{\"@type\":\"WebSite\",\"@id\":\"https:\/\/www.aquasportclubs.com\/#website\",\"url\":\"https:\/\/www.aquasportclubs.com\/\",\"name\":\"Aqua Sport Clubs\",\"description\":\"Gimnasio Aqua Sport Clubs, club de padel y centro de est\u00e9tica en Vilanova i la Geltr\u00fa\",\"publisher\":{\"@id\":\"https:\/\/www.aquasportclubs.com\/#organization\"},\"potentialAction\":[{\"@type\":\"SearchAction\",\"target\":{\"@type\":\"EntryPoint\",\"urlTemplate\":\"https:\/\/www.aquasportclubs.com\/?s={search_term_string}\"},\"query-input\":\"required name=search_term_string\"}],\"inLanguage\":\"es\"},{\"@type\":\"Organization\",\"@id\":\"https:\/\/www.aquasportclubs.com\/#organization\",\"name\":\"Aqua Sport Clubs Vilanova\",\"url\":\"https:\/\/www.aquasportclubs.com\/\",\"logo\":{\"@type\":\"ImageObject\",\"inLanguage\":\"es\",\"@id\":\"https:\/\/www.aquasportclubs.com\/#\/schema\/logo\/image\/\",\"url\":\"https:\/\/www.aquasportclubs.com\/wp-content\/uploads\/2019\/01\/Logo_Aqua-nou-e1557131934702.png\",\"contentUrl\":\"https:\/\/www.aquasportclubs.com\/wp-content\/uploads\/2019\/01\/Logo_Aqua-nou-e1557131934702.png\",\"width\":137,\"height\":40,\"caption\":\"Aqua Sport Clubs Vilanova\"},\"image\":{\"@id\":\"https:\/\/www.aquasportclubs.com\/#\/schema\/logo\/image\/\"},\"sameAs\":[\"https:\/\/www.instagram.com\/aquasportclubs\/\",\"https:\/\/www.linkedin.com\/company\/aquasportclubs\/\",\"https:\/\/www.youtube.com\/channel\/UC1boG7pQQ3Qg7QcrrYh13gw\",\"https:\/\/www.facebook.com\/aquasportclubs\"]}]}<\/script>\n<!-- \/ Yoast SEO plugin. -->","yoast_head_json":{"title":"Termes Legals - Aqua Sport Clubs","robots":{"index":"noindex","follow":"nofollow"},"og_locale":"es_ES","og_type":"article","og_title":"Termes Legals - Aqua Sport Clubs","og_description":"[vc_row css_animation=\u00bb\u00bb row_type=\u00bbrow\u00bb use_row_as_full_screen_section=\u00bbno\u00bb type=\u00bbfull_width\u00bb angled_section=\u00bbno\u00bb text_align=\u00bbleft\u00bb background_image_as_pattern=\u00bbwithout_pattern\u00bb][vc_column][vc_column_text]La present normativa t\u00e9 com a objectiu, determinar les condicions sota les que l&#8217;usuari podr\u00e0 gaudir de les instal\u00b7lacions i serveis. El compliment de la...","og_url":"https:\/\/www.aquasportclubs.com\/ca\/termes-legals\/","og_site_name":"Aqua Sport Clubs","article_publisher":"https:\/\/www.facebook.com\/aquasportclubs","article_modified_time":"2025-02-11T16:15:28+00:00","og_image":[{"width":1200,"height":901,"url":"https:\/\/www.aquasportclubs.com\/wp-content\/uploads\/2019\/05\/gimnasio-aqua-vilanova-i-la-geltru.jpg","type":"image\/jpeg"}],"twitter_misc":{"Tiempo de lectura":"6 minutos"},"schema":{"@context":"https:\/\/schema.org","@graph":[{"@type":"WebPage","@id":"https:\/\/www.aquasportclubs.com\/ca\/termes-legals\/","url":"https:\/\/www.aquasportclubs.com\/ca\/termes-legals\/","name":"Termes Legals - Aqua Sport Clubs","isPartOf":{"@id":"https:\/\/www.aquasportclubs.com\/#website"},"datePublished":"2019-01-18T09:40:18+00:00","dateModified":"2025-02-11T16:15:28+00:00","breadcrumb":{"@id":"https:\/\/www.aquasportclubs.com\/ca\/termes-legals\/#breadcrumb"},"inLanguage":"es","potentialAction":[{"@type":"ReadAction","target":["https:\/\/www.aquasportclubs.com\/ca\/termes-legals\/"]}]},{"@type":"BreadcrumbList","@id":"https:\/\/www.aquasportclubs.com\/ca\/termes-legals\/#breadcrumb","itemListElement":[{"@type":"ListItem","position":1,"name":"Portada","item":"https:\/\/www.aquasportclubs.com\/"},{"@type":"ListItem","position":2,"name":"Termes Legals"}]},{"@type":"WebSite","@id":"https:\/\/www.aquasportclubs.com\/#website","url":"https:\/\/www.aquasportclubs.com\/","name":"Aqua Sport Clubs","description":"Gimnasio Aqua Sport Clubs, club de padel y centro de est\u00e9tica en Vilanova i la Geltr\u00fa","publisher":{"@id":"https:\/\/www.aquasportclubs.com\/#organization"},"potentialAction":[{"@type":"SearchAction","target":{"@type":"EntryPoint","urlTemplate":"https:\/\/www.aquasportclubs.com\/?s={search_term_string}"},"query-input":"required name=search_term_string"}],"inLanguage":"es"},{"@type":"Organization","@id":"https:\/\/www.aquasportclubs.com\/#organization","name":"Aqua Sport Clubs Vilanova","url":"https:\/\/www.aquasportclubs.com\/","logo":{"@type":"ImageObject","inLanguage":"es","@id":"https:\/\/www.aquasportclubs.com\/#\/schema\/logo\/image\/","url":"https:\/\/www.aquasportclubs.com\/wp-content\/uploads\/2019\/01\/Logo_Aqua-nou-e1557131934702.png","contentUrl":"https:\/\/www.aquasportclubs.com\/wp-content\/uploads\/2019\/01\/Logo_Aqua-nou-e1557131934702.png","width":137,"height":40,"caption":"Aqua Sport Clubs Vilanova"},"image":{"@id":"https:\/\/www.aquasportclubs.com\/#\/schema\/logo\/image\/"},"sameAs":["https:\/\/www.instagram.com\/aquasportclubs\/","https:\/\/www.linkedin.com\/company\/aquasportclubs\/","https:\/\/www.youtube.com\/channel\/UC1boG7pQQ3Qg7QcrrYh13gw","https:\/\/www.facebook.com\/aquasportclubs"]}]}},"_links":{"self":[{"href":"https:\/\/www.aquasportclubs.com\/ca\/wp-json\/wp\/v2\/pages\/3220\/"}],"collection":[{"href":"https:\/\/www.aquasportclubs.com\/ca\/wp-json\/wp\/v2\/pages\/"}],"about":[{"href":"https:\/\/www.aquasportclubs.com\/ca\/wp-json\/wp\/v2\/types\/page\/"}],"author":[{"embeddable":true,"href":"https:\/\/www.aquasportclubs.com\/ca\/wp-json\/wp\/v2\/users\/4\/"}],"replies":[{"embeddable":true,"href":"https:\/\/www.aquasportclubs.com\/ca\/wp-json\/wp\/v2\/comments\/?post=3220"}],"version-history":[{"count":12,"href":"https:\/\/www.aquasportclubs.com\/ca\/wp-json\/wp\/v2\/pages\/3220\/revisions\/"}],"predecessor-version":[{"id":7821,"href":"https:\/\/www.aquasportclubs.com\/ca\/wp-json\/wp\/v2\/pages\/3220\/revisions\/7821\/"}],"wp:attachment":[{"href":"https:\/\/www.aquasportclubs.com\/ca\/wp-json\/wp\/v2\/media\/?parent=3220"}],"curies":[{"name":"wp","href":"https:\/\/api.w.org\/{rel}","templated":true}]}}