{"id":3211,"date":"2019-01-18T09:15:58","date_gmt":"2019-01-18T09:15:58","guid":{"rendered":"https:\/\/www.aquasportclubs.com\/padel\/"},"modified":"2024-08-02T12:03:09","modified_gmt":"2024-08-02T10:03:09","slug":"padel","status":"publish","type":"page","link":"https:\/\/www.aquasportclubs.com\/ca\/padel\/","title":{"rendered":"P\u00e0del Vilanova Indoor"},"content":{"rendered":"<p>[vc_row css_animation=\u00bb\u00bb row_type=\u00bbrow\u00bb use_row_as_full_screen_section=\u00bbno\u00bb type=\u00bbfull_width\u00bb angled_section=\u00bbno\u00bb text_align=\u00bbcenter\u00bb background_image_as_pattern=\u00bbwithout_pattern\u00bb background_color=\u00bb#06191e\u00bb z_index=\u00bb\u00bb css=\u00bb.vc_custom_1594814237685{background-color: #06191e !important;}\u00bb][vc_column offset=\u00bbvc_col-lg-offset-1 vc_col-lg-10&#8243;][vc_empty_space height=\u00bb60px\u00bb][vc_row_inner row_type=\u00bbrow\u00bb type=\u00bbfull_width\u00bb text_align=\u00bbleft\u00bb css_animation=\u00bb\u00bb][vc_column_inner width=\u00bb1\/4&#8243;][\/vc_column_inner][vc_column_inner width=\u00bb1\/2&#8243;][vc_column_text]El primer club Indoor de P\u00e0del a Vilanova i la Geltr\u00fa.<\/p>\n<p>En aqua trobar\u00e0s <strong>3 pistes de p\u00e0del indoor <\/strong>amb una il\u00b7luminaci\u00f3 insuperable. 12 focus amb l&#8217;\u00faltima tecnologia d&#8217;inducci\u00f3 repartits sim\u00e8tricament per la pista ens donen 538 lux <strong>d&#8217;il\u00b7luminaci\u00f3 uniforme sense enlluernaments.<\/strong><\/p>\n<p>Fidels a la nostra filosofia de pay &amp; play, pagues nom\u00e9s quan jugues, sense quotes mensuals, matricules &#8230; <strong>POTS RESERVAR PISTA FINS AMB 10 DIES D&#8217;ANTELACI\u00d3<\/strong> des de la APP playtomic.<\/p>\n<p>Padel Vilanova Indoor Aqua \u00e9s una aposta de qualitat i innovaci\u00f3 que permet jugar tot l&#8217;any.[\/vc_column_text][vc_empty_space height=\u00bb60&#8243;][vc_column_text]<\/p>\n<p class=\"bigtitle\" style=\"text-align: center; color: #ffffff;\">ACC\u00c9S ONLINE<\/p>\n<p style=\"text-align: center;\">Si tens dubtes de com accedir a la instal\u00b7laci\u00f3, trobar\u00e0s a la porta, les intruccions que et mostrem a continuaci\u00f3.<\/p>\n<p>[\/vc_column_text]<div class='qode_image_gallery_no_space '><div class='qode_image_gallery_holder' style='height: 680px;'><ul  ><li  ><div style=\"height: 680px; width:481px;\"><a itemprop=\"url\" href=\"https:\/\/www.aquasportclubs.com\/wp-content\/uploads\/2024\/08\/PADEL-INDOOR_INSTRUCCIONS-2-pdf.jpg\" target=\"_blank\"><img decoding=\"async\" itemprop=\"image\" src=\"https:\/\/www.aquasportclubs.com\/wp-content\/uploads\/2024\/08\/PADEL-INDOOR_INSTRUCCIONS-2-pdf.jpg\" alt=\"\" \/><\/a><\/div><\/li><\/ul><\/div><div class=\"controls\"><a class=\"prev-slide\" href=\"#\"><span><i class=\"fa fa-angle-left\"><\/i><\/span><\/a><a class=\"next-slide\" href=\"#\"><span><i class=\"fa fa-angle-right\"><\/i><\/span><\/a><\/div><\/div>[\/vc_column_inner][vc_column_inner width=\u00bb1\/4&#8243;][\/vc_column_inner][\/vc_row_inner][\/vc_column][\/vc_row][vc_row css_animation=\u00bb\u00bb row_type=\u00bbrow\u00bb use_row_as_full_screen_section=\u00bbno\u00bb type=\u00bbfull_width\u00bb angled_section=\u00bbno\u00bb text_align=\u00bbcenter\u00bb background_image_as_pattern=\u00bbwithout_pattern\u00bb background_color=\u00bb#f5f8fb\u00bb z_index=\u00bb\u00bb css=\u00bb.vc_custom_1594893427508{padding-top: 50px !important;padding-bottom: 50px !important;background-color: #ffffff !important;}\u00bb][vc_column offset=\u00bbvc_col-lg-offset-1 vc_col-lg-10&#8243;][vc_column_text el_class=\u00bbspa_promotion_title\u00bb]<\/p>\n<p style=\"text-align: center;\">Reserva<br \/>\nla teva<br \/>\npista<\/p>\n<p>[\/vc_column_text][vc_column_text]<\/p>\n<p style=\"text-align: center;\"><span style=\"color: #000000;\">Des de Playtomic APP en iOS o Android<\/span><\/p>\n<p>[\/vc_column_text][vc_raw_html]JTNDZGl2JTIwY2xhc3MlM0QlMjJhcHBfYnV0dG9uX2NvbnRhaW5lciUyMiUzRSUzQ2ElMjAlMjBjbGFzcyUzRCUyMmFwcF9idXR0b24lMjIlMjBocmVmJTNEJTIyaHR0cHMlM0ElMkYlMkZhcHBzLmFwcGxlLmNvbSUyRmVzJTJGYXBwJTJGcGxheXRvbWljJTJGaWQxMjQyMzIxMDc2JTIyJTIwcmVsJTNEJTIybm9mb2xsb3clMjIlMjB0YXJnZXQlM0QlMjJfYmxhbmslMjIlM0UlM0NkaXYlMjBjbGFzcyUzRCUyMnZjX3NpbmdsZV9pbWFnZS13cmFwcGVyJTIwJTIwJTIwdmNfYm94X2JvcmRlcl9ncmV5JTIyJTNFJTNDaW1nJTIwc3JjJTNEJTIyJTJGd3AtY29udGVudCUyRnVwbG9hZHMlMkYyMDE4JTJGMTElMkZNZXNhLWRlLXRyYWJham8tMy0zMDB4OTkucG5nJTIyJTIwY2xhc3MlM0QlMjJ2Y19zaW5nbGVfaW1hZ2UtaW1nJTIwYXR0YWNobWVudC1tZWRpdW0lMjIlMjBhbHQlM0QlMjIlMjIlMjBzcmNzZXQlM0QlMjIlMkZ3cC1jb250ZW50JTJGdXBsb2FkcyUyRjIwMTglMkYxMSUyRk1lc2EtZGUtdHJhYmFqby0zLTMwMHg5OS5wbmclMjAzMDB3JTJDJTIwJTJGd3AtY29udGVudCUyRnVwbG9hZHMlMkYyMDE4JTJGMTElMkZNZXNhLWRlLXRyYWJham8tMy5wbmclMjA1MjN3JTIyJTIwc2l6ZXMlM0QlMjIlMjhtYXgtd2lkdGglM0ElMjAzMDBweCUyOSUyMDEwMHZ3JTJDJTIwMzAwcHglMjIlMjB3aWR0aCUzRCUyMjIwMCUyMiUyMGhlaWdodCUzRCUyMjk5JTIyJTNFJTNDJTJGZGl2JTNFJTNDJTJGYSUzRSUwQSUzQ2ElMjBjbGFzcyUzRCUyMmFwcF9idXR0b24lMjIlMjBocmVmJTNEJTIyaHR0cHMlM0ElMkYlMkZwbGF5Lmdvb2dsZS5jb20lMkZzdG9yZSUyRmFwcHMlMkZkZXRhaWxzJTNGaWQlM0Rjb20ucGxheXRvbWljJTI2aGwlM0RlcyUyNmdsJTNEVVMlMjIlMjByZWwlM0QlMjJub2ZvbGxvdyUyMiUyMHRhcmdldCUzRCUyMl9ibGFuayUyMiUzRSUzQ2RpdiUyMGNsYXNzJTNEJTIydmNfc2luZ2xlX2ltYWdlLXdyYXBwZXIlMjAlMjAlMjB2Y19ib3hfYm9yZGVyX2dyZXklMjIlM0UlM0NpbWclMjBzcmMlM0QlMjIlMkZ3cC1jb250ZW50JTJGdXBsb2FkcyUyRjIwMTglMkYxMSUyRk1lc2EtZGUtdHJhYmFqby0xLTMwMHg5OS5wbmclMjIlMjBjbGFzcyUzRCUyMnZjX3NpbmdsZV9pbWFnZS1pbWclMjBhdHRhY2htZW50LW1lZGl1bSUyMiUyMGFsdCUzRCUyMiUyMiUyMHNyY3NldCUzRCUyMiUyRndwLWNvbnRlbnQlMkZ1cGxvYWRzJTJGMjAxOCUyRjExJTJGTWVzYS1kZS10cmFiYWpvLTEtMzAweDk5LnBuZyUyMDMwMHclMkMlMjAlMkZ3cC1jb250ZW50JTJGdXBsb2FkcyUyRjIwMTglMkYxMSUyRk1lc2EtZGUtdHJhYmFqby0xLnBuZyUyMDUyM3clMjIlMjBzaXplcyUzRCUyMiUyOG1heC13aWR0aCUzQSUyMDMwMHB4JTI5JTIwMTAwdnclMkMlMjAzMDBweCUyMiUyMHdpZHRoJTNEJTIyMjAwJTIyJTIwaGVpZ2h0JTNEJTIyOTklMjIlM0UlM0MlMkZkaXYlM0UlM0MlMkZhJTNFJTNDJTJGZGl2JTNF[\/vc_raw_html][vc_empty_space height=\u00bb80px\u00bb][\/vc_column][\/vc_row][vc_row css_animation=\u00bb\u00bb row_type=\u00bbrow\u00bb use_row_as_full_screen_section=\u00bbno\u00bb type=\u00bbfull_width\u00bb angled_section=\u00bbno\u00bb text_align=\u00bbleft\u00bb background_image_as_pattern=\u00bbwithout_pattern\u00bb el_class=\u00bbpromotions\u00bb z_index=\u00bb\u00bb css=\u00bb.vc_custom_1594893453834{padding-bottom: 80px !important;background-color: #f5f8fb !important;}\u00bb][vc_column][vc_raw_html]JTNDaWZyYW1lJTIwY2xhc3MlM0QlMjJpZnJhbWUtY2xhc3MlMjIlMjBzcmMlM0QlMjJodHRwcyUzQSUyRiUyRnBsYXl0b21pYy5pbyUyRndsJTJGZGE3NzBkMTUtNDNiMy0xMWU4LTg2NzQtNTI1NDAwNDk2NjljJTIyJTIwd2lkdGglM0QlMjIxMDAlMjUlMjIlMjBoZWlnaHQlM0QlMjIxNTAwcHglMjIlMjBmcmFtZWJvcmRlciUzRCUyMjAlMjIlMjBzY3JvbGxpbmclM0QlMjJubyUyMiUzRSUzQyUyRmlmcmFtZSUzRQ==[\/vc_raw_html][\/vc_column][\/vc_row][vc_row css_animation=\u00bb\u00bb row_type=\u00bbrow\u00bb use_row_as_full_screen_section=\u00bbno\u00bb type=\u00bbfull_width\u00bb angled_section=\u00bbno\u00bb text_align=\u00bbleft\u00bb background_image_as_pattern=\u00bbwithout_pattern\u00bb][vc_column][vc_gmaps link=\u00bb#E-8_JTNDaWZyYW1lJTIwc3JjJTNEJTIyaHR0cHMlM0ElMkYlMkZ3d3cuZ29vZ2xlLmNvbSUyRm1hcHMlMkZlbWJlZCUzRnBiJTNEJTIxMW0xOCUyMTFtMTIlMjExbTMlMjExZDMwMDEuMDYyNDk0MjI3MjI0MyUyMTJkMS43MzQ2MzM5NzYxNjQ4MTg0JTIxM2Q0MS4yMjA0MDg1NzEzMjE2NSUyMTJtMyUyMTFmMCUyMTJmMCUyMTNmMCUyMTNtMiUyMTFpMTAyNCUyMTJpNzY4JTIxNGYxMy4xJTIxM20zJTIxMW0yJTIxMXMweDEyYTM4Nzk4NmU3NzZmNzMlMjUzQTB4NjA5MjA3ODEwYzViNDkwYyUyMTJzUGFkZWwlMjUyMEluZG9vciUyNTIwQXF1YSUyNTIwU3BvcnQlMjUyMENsdWJzJTIxNWUwJTIxM20yJTIxMXNlcyUyMTJzZXMlMjE0djE3MjI1OTExNzc5NzklMjE1bTIlMjExc2VzJTIxMnNlcyUyMiUyMHdpZHRoJTNEJTIyNjAwJTIyJTIwaGVpZ2h0JTNEJTIyNDUwJTIyJTIwc3R5bGUlM0QlMjJib3JkZXIlM0EwJTNCJTIyJTIwYWxsb3dmdWxsc2NyZWVuJTNEJTIyJTIyJTIwbG9hZGluZyUzRCUyMmxhenklMjIlMjByZWZlcnJlcnBvbGljeSUzRCUyMm5vLXJlZmVycmVyLXdoZW4tZG93bmdyYWRlJTIyJTNFJTNDJTJGaWZyYW1lJTNF\u00bb][\/vc_column][\/vc_row]<\/p>\n","protected":false},"excerpt":{"rendered":"<p>[vc_row css_animation=\u00bb\u00bb row_type=\u00bbrow\u00bb use_row_as_full_screen_section=\u00bbno\u00bb type=\u00bbfull_width\u00bb angled_section=\u00bbno\u00bb text_align=\u00bbcenter\u00bb background_image_as_pattern=\u00bbwithout_pattern\u00bb background_color=\u00bb#06191e\u00bb z_index=\u00bb\u00bb css=\u00bb.vc_custom_1594814237685{background-color: #06191e !important;}\u00bb][vc_column offset=\u00bbvc_col-lg-offset-1 vc_col-lg-10&#8243;][vc_empty_space height=\u00bb60px\u00bb][vc_row_inner row_type=\u00bbrow\u00bb type=\u00bbfull_width\u00bb text_align=\u00bbleft\u00bb css_animation=\u00bb\u00bb][vc_column_inner width=\u00bb1\/4&#8243;][\/vc_column_inner][vc_column_inner width=\u00bb1\/2&#8243;][vc_column_text]El primer club Indoor de P\u00e0del a Vilanova i la Geltr\u00fa&#8230;.<\/p>\n","protected":false},"author":4,"featured_media":0,"parent":0,"menu_order":0,"comment_status":"closed","ping_status":"closed","template":"full_width.php","meta":{"footnotes":""},"acf":[],"yoast_head":"<!-- This site is optimized with the Yoast SEO plugin v19.11 - https:\/\/yoast.com\/wordpress\/plugins\/seo\/ -->\n<title>Pistes de P\u00e0del Cobertes a Aqua Vilanova i la Geltr\u00fa<\/title>\n<meta name=\"description\" content=\"Pistes de p\u00e0del a Vilanova i la Geltr\u00fa. Reserva la teva pista des d&#039;una hora fins el que necessitis. Pistes cobertes\" \/>\n<meta name=\"robots\" content=\"index, follow, max-snippet:-1, max-image-preview:large, max-video-preview:-1\" \/>\n<link rel=\"canonical\" href=\"https:\/\/www.aquasportclubs.com\/padel\/\" \/>\n<meta property=\"og:locale\" content=\"es_ES\" \/>\n<meta property=\"og:type\" content=\"article\" \/>\n<meta property=\"og:title\" content=\"Pistes de P\u00e0del Cobertes a Aqua Vilanova i la Geltr\u00fa\" \/>\n<meta property=\"og:description\" content=\"Pistes de p\u00e0del a Vilanova i la Geltr\u00fa. Reserva la teva pista des d&#039;una hora fins el que necessitis.\" \/>\n<meta property=\"og:url\" content=\"https:\/\/www.aquasportclubs.com\/ca\/padel\/\" \/>\n<meta property=\"og:site_name\" content=\"Aqua Sport Clubs\" \/>\n<meta property=\"article:publisher\" content=\"https:\/\/www.facebook.com\/aquasportclubs\" \/>\n<meta property=\"article:modified_time\" content=\"2024-08-02T10:03:09+00:00\" \/>\n<meta property=\"og:image\" content=\"https:\/\/www.aquasportclubs.com\/wp-content\/uploads\/2024\/08\/IMG_4468.jpg\" \/>\n\t<meta property=\"og:image:width\" content=\"2560\" \/>\n\t<meta property=\"og:image:height\" content=\"1440\" \/>\n\t<meta property=\"og:image:type\" content=\"image\/jpeg\" \/>\n<meta name=\"twitter:label1\" content=\"Tiempo de lectura\" \/>\n\t<meta name=\"twitter:data1\" content=\"2 minutos\" \/>\n<script type=\"application\/ld+json\" class=\"yoast-schema-graph\">{\"@context\":\"https:\/\/schema.org\",\"@graph\":[{\"@type\":\"WebPage\",\"@id\":\"https:\/\/www.aquasportclubs.com\/ca\/padel\/\",\"url\":\"https:\/\/www.aquasportclubs.com\/ca\/padel\/\",\"name\":\"Pistes de P\u00e0del Cobertes a Aqua Vilanova i la Geltr\u00fa\",\"isPartOf\":{\"@id\":\"https:\/\/www.aquasportclubs.com\/#website\"},\"datePublished\":\"2019-01-18T09:15:58+00:00\",\"dateModified\":\"2024-08-02T10:03:09+00:00\",\"description\":\"Pistes de p\u00e0del a Vilanova i la Geltr\u00fa. Reserva la teva pista des d'una hora fins el que necessitis. Pistes cobertes\",\"breadcrumb\":{\"@id\":\"https:\/\/www.aquasportclubs.com\/ca\/padel\/#breadcrumb\"},\"inLanguage\":\"es\",\"potentialAction\":[{\"@type\":\"ReadAction\",\"target\":[\"https:\/\/www.aquasportclubs.com\/ca\/padel\/\"]}]},{\"@type\":\"BreadcrumbList\",\"@id\":\"https:\/\/www.aquasportclubs.com\/ca\/padel\/#breadcrumb\",\"itemListElement\":[{\"@type\":\"ListItem\",\"position\":1,\"name\":\"Portada\",\"item\":\"https:\/\/www.aquasportclubs.com\/\"},{\"@type\":\"ListItem\",\"position\":2,\"name\":\"P\u00e0del Vilanova Indoor\"}]},{\"@type\":\"WebSite\",\"@id\":\"https:\/\/www.aquasportclubs.com\/#website\",\"url\":\"https:\/\/www.aquasportclubs.com\/\",\"name\":\"Aqua Sport Clubs\",\"description\":\"Gimnasio Aqua Sport Clubs, club de padel y centro de est\u00e9tica en Vilanova i la Geltr\u00fa\",\"publisher\":{\"@id\":\"https:\/\/www.aquasportclubs.com\/#organization\"},\"potentialAction\":[{\"@type\":\"SearchAction\",\"target\":{\"@type\":\"EntryPoint\",\"urlTemplate\":\"https:\/\/www.aquasportclubs.com\/?s={search_term_string}\"},\"query-input\":\"required name=search_term_string\"}],\"inLanguage\":\"es\"},{\"@type\":\"Organization\",\"@id\":\"https:\/\/www.aquasportclubs.com\/#organization\",\"name\":\"Aqua Sport Clubs Vilanova\",\"url\":\"https:\/\/www.aquasportclubs.com\/\",\"logo\":{\"@type\":\"ImageObject\",\"inLanguage\":\"es\",\"@id\":\"https:\/\/www.aquasportclubs.com\/#\/schema\/logo\/image\/\",\"url\":\"https:\/\/www.aquasportclubs.com\/wp-content\/uploads\/2019\/01\/Logo_Aqua-nou-e1557131934702.png\",\"contentUrl\":\"https:\/\/www.aquasportclubs.com\/wp-content\/uploads\/2019\/01\/Logo_Aqua-nou-e1557131934702.png\",\"width\":137,\"height\":40,\"caption\":\"Aqua Sport Clubs Vilanova\"},\"image\":{\"@id\":\"https:\/\/www.aquasportclubs.com\/#\/schema\/logo\/image\/\"},\"sameAs\":[\"https:\/\/www.instagram.com\/aquasportclubs\/\",\"https:\/\/www.linkedin.com\/company\/aquasportclubs\/\",\"https:\/\/www.youtube.com\/channel\/UC1boG7pQQ3Qg7QcrrYh13gw\",\"https:\/\/www.facebook.com\/aquasportclubs\"]}]}<\/script>\n<!-- \/ Yoast SEO plugin. -->","yoast_head_json":{"title":"Pistes de P\u00e0del Cobertes a Aqua Vilanova i la Geltr\u00fa","description":"Pistes de p\u00e0del a Vilanova i la Geltr\u00fa. Reserva la teva pista des d'una hora fins el que necessitis. Pistes cobertes","robots":{"index":"index","follow":"follow","max-snippet":"max-snippet:-1","max-image-preview":"max-image-preview:large","max-video-preview":"max-video-preview:-1"},"canonical":"https:\/\/www.aquasportclubs.com\/padel\/","og_locale":"es_ES","og_type":"article","og_title":"Pistes de P\u00e0del Cobertes a Aqua Vilanova i la Geltr\u00fa","og_description":"Pistes de p\u00e0del a Vilanova i la Geltr\u00fa. Reserva la teva pista des d'una hora fins el que necessitis.","og_url":"https:\/\/www.aquasportclubs.com\/ca\/padel\/","og_site_name":"Aqua Sport Clubs","article_publisher":"https:\/\/www.facebook.com\/aquasportclubs","article_modified_time":"2024-08-02T10:03:09+00:00","og_image":[{"width":2560,"height":1440,"url":"https:\/\/www.aquasportclubs.com\/wp-content\/uploads\/2024\/08\/IMG_4468.jpg","type":"image\/jpeg"}],"twitter_misc":{"Tiempo de lectura":"2 minutos"},"schema":{"@context":"https:\/\/schema.org","@graph":[{"@type":"WebPage","@id":"https:\/\/www.aquasportclubs.com\/ca\/padel\/","url":"https:\/\/www.aquasportclubs.com\/ca\/padel\/","name":"Pistes de P\u00e0del Cobertes a Aqua Vilanova i la Geltr\u00fa","isPartOf":{"@id":"https:\/\/www.aquasportclubs.com\/#website"},"datePublished":"2019-01-18T09:15:58+00:00","dateModified":"2024-08-02T10:03:09+00:00","description":"Pistes de p\u00e0del a Vilanova i la Geltr\u00fa. Reserva la teva pista des d'una hora fins el que necessitis. Pistes cobertes","breadcrumb":{"@id":"https:\/\/www.aquasportclubs.com\/ca\/padel\/#breadcrumb"},"inLanguage":"es","potentialAction":[{"@type":"ReadAction","target":["https:\/\/www.aquasportclubs.com\/ca\/padel\/"]}]},{"@type":"BreadcrumbList","@id":"https:\/\/www.aquasportclubs.com\/ca\/padel\/#breadcrumb","itemListElement":[{"@type":"ListItem","position":1,"name":"Portada","item":"https:\/\/www.aquasportclubs.com\/"},{"@type":"ListItem","position":2,"name":"P\u00e0del Vilanova Indoor"}]},{"@type":"WebSite","@id":"https:\/\/www.aquasportclubs.com\/#website","url":"https:\/\/www.aquasportclubs.com\/","name":"Aqua Sport Clubs","description":"Gimnasio Aqua Sport Clubs, club de padel y centro de est\u00e9tica en Vilanova i la Geltr\u00fa","publisher":{"@id":"https:\/\/www.aquasportclubs.com\/#organization"},"potentialAction":[{"@type":"SearchAction","target":{"@type":"EntryPoint","urlTemplate":"https:\/\/www.aquasportclubs.com\/?s={search_term_string}"},"query-input":"required name=search_term_string"}],"inLanguage":"es"},{"@type":"Organization","@id":"https:\/\/www.aquasportclubs.com\/#organization","name":"Aqua Sport Clubs Vilanova","url":"https:\/\/www.aquasportclubs.com\/","logo":{"@type":"ImageObject","inLanguage":"es","@id":"https:\/\/www.aquasportclubs.com\/#\/schema\/logo\/image\/","url":"https:\/\/www.aquasportclubs.com\/wp-content\/uploads\/2019\/01\/Logo_Aqua-nou-e1557131934702.png","contentUrl":"https:\/\/www.aquasportclubs.com\/wp-content\/uploads\/2019\/01\/Logo_Aqua-nou-e1557131934702.png","width":137,"height":40,"caption":"Aqua Sport Clubs Vilanova"},"image":{"@id":"https:\/\/www.aquasportclubs.com\/#\/schema\/logo\/image\/"},"sameAs":["https:\/\/www.instagram.com\/aquasportclubs\/","https:\/\/www.linkedin.com\/company\/aquasportclubs\/","https:\/\/www.youtube.com\/channel\/UC1boG7pQQ3Qg7QcrrYh13gw","https:\/\/www.facebook.com\/aquasportclubs"]}]}},"_links":{"self":[{"href":"https:\/\/www.aquasportclubs.com\/ca\/wp-json\/wp\/v2\/pages\/3211\/"}],"collection":[{"href":"https:\/\/www.aquasportclubs.com\/ca\/wp-json\/wp\/v2\/pages\/"}],"about":[{"href":"https:\/\/www.aquasportclubs.com\/ca\/wp-json\/wp\/v2\/types\/page\/"}],"author":[{"embeddable":true,"href":"https:\/\/www.aquasportclubs.com\/ca\/wp-json\/wp\/v2\/users\/4\/"}],"replies":[{"embeddable":true,"href":"https:\/\/www.aquasportclubs.com\/ca\/wp-json\/wp\/v2\/comments\/?post=3211"}],"version-history":[{"count":11,"href":"https:\/\/www.aquasportclubs.com\/ca\/wp-json\/wp\/v2\/pages\/3211\/revisions\/"}],"predecessor-version":[{"id":7724,"href":"https:\/\/www.aquasportclubs.com\/ca\/wp-json\/wp\/v2\/pages\/3211\/revisions\/7724\/"}],"wp:attachment":[{"href":"https:\/\/www.aquasportclubs.com\/ca\/wp-json\/wp\/v2\/media\/?parent=3211"}],"curies":[{"name":"wp","href":"https:\/\/api.w.org\/{rel}","templated":true}]}}