{"id":3209,"date":"2019-01-18T09:07:25","date_gmt":"2019-01-18T09:07:25","guid":{"rendered":"https:\/\/www.aquasportclubs.com\/pilates\/"},"modified":"2021-09-20T12:20:25","modified_gmt":"2021-09-20T10:20:25","slug":"pilates","status":"publish","type":"page","link":"https:\/\/www.aquasportclubs.com\/ca\/pilates\/","title":{"rendered":"Pilates Reformer Vilanova"},"content":{"rendered":"<p>[vc_row css_animation=\u00bb\u00bb row_type=\u00bbrow\u00bb use_row_as_full_screen_section=\u00bbno\u00bb type=\u00bbfull_width\u00bb angled_section=\u00bbno\u00bb text_align=\u00bbcenter\u00bb background_image_as_pattern=\u00bbwithout_pattern\u00bb background_color=\u00bb#ffffff\u00bb z_index=\u00bb\u00bb css=\u00bb.vc_custom_1632133142231{background-color: #ffffff !important;}\u00bb][vc_column width=\u00bb5\/6&#8243; offset=\u00bbvc_col-lg-offset-1 vc_col-lg-10 vc_col-md-offset-1 vc_col-sm-offset-1&#8243;][vc_column_text css=\u00bb.vc_custom_1571742384232{margin-top: 100px !important;margin-bottom: 100px !important;}\u00bb]<\/p>\n<p class=\"bigtitle\" style=\"text-align: center; font-size: 50px;\"><span style=\"color: #333333;\">EL M\u00c8TODE ORIGINAL<\/span><\/p>\n<p>[\/vc_column_text][vc_row_inner row_type=\u00bbrow\u00bb type=\u00bbfull_width\u00bb text_align=\u00bbleft\u00bb css_animation=\u00bb\u00bb][vc_column_inner width=\u00bb1\/2&#8243;][vc_column_text]<span style=\"color: #000000;\">Entrena amb seguretat gr\u00e0cies al m\u00e8tode original de Pilates, en classes individuals de Pilates o en grups redu\u00efts de Pilates Reformer Vilanova i la Geltr\u00fa fins a 4 persones, sobre les m\u00e0quines reformer originals Gratz de Nova York.<\/span><\/p>\n<p><span style=\"color: #000000;\">Els nostres t\u00e8cnics certificats en el m\u00e8tode original Romana&#8217;s Pilates t&#8217;ajudaran de manera segura a enfortir la teva esquena.<\/span><\/p>\n<p><span style=\"color: #000000;\">La soluci\u00f3 als teus mals d&#8217;esquena, ciatica, lumb\u00e0lgia, tensi\u00f3 cervical, manca de flexibilitat o desequilibris posturals.<\/span>[\/vc_column_text][vc_empty_space height=\u00bb60px\u00bb][vc_single_image image=\u00bb5755&#8243; img_size=\u00bbmedium\u00bb alignment=\u00bbcenter\u00bb qode_css_animation=\u00bb\u00bb][vc_empty_space height=\u00bb60px\u00bb][\/vc_column_inner][vc_column_inner width=\u00bb1\/2&#8243;]<div class=\"qode_video_box\">\n\t<a itemprop=\"image\" class=\"qode_video_image\" href=\"https:\/\/www.youtube.com\/watch?v=Bw2DJBoWNZ8\" data-rel=\"prettyPhoto\">\n\t\t\t\n\t\t\t<img decoding=\"async\" src=\"https:\/\/www.aquasportclubs.com\/wp-content\/uploads\/2019\/10\/video-pilates-reformer-vilanova.jpg\" \/>\n\t\t\t<span class=\"qode_video_box_button_holder\">\n\t\t\t\t<span class=\"qode_video_box_button\">\n\t\t\t\t\t<span class=\"qode_video_box_button_arrow\">\n\t\t\t\t\t<\/span>\n\t\t\t\t<\/span>\n\t\t\t<\/span>\n\t\t\t<\/a>\n<\/div>[vc_empty_space height=\u00bb60px\u00bb][\/vc_column_inner][\/vc_row_inner][vc_row_inner row_type=\u00bbrow\u00bb type=\u00bbfull_width\u00bb text_align=\u00bbleft\u00bb css_animation=\u00bb\u00bb][vc_column_inner width=\u00bb1\/2&#8243;][vc_single_image image=\u00bb5759&#8243; img_size=\u00bblarge\u00bb qode_css_animation=\u00bb\u00bb][vc_empty_space height=\u00bb60px\u00bb][\/vc_column_inner][vc_column_inner width=\u00bb1\/2&#8243;][vc_column_text]<span style=\"color: #000000;\">Disposem de classes grupals, de fins a 4 persones, on treballem de manera acurada tots els moviments controlats per un especialista en Pilates Reformer Original, que us guiar\u00e0 durant tota la sessi\u00f3 i us acompanyar\u00e0 en els moviments i us assessorar\u00e0 en tot moment.<\/span><\/p>\n<p><span style=\"color: #000000;\">Aquest any hem afegit noves franges hor\u00e0ries. De 7h a 22h de dilluns a dijous i de 7 a 14h tots els divendres.<\/span><\/p>\n<p><span style=\"color: #000000;\">Pots consultar m\u00e9s informaci\u00f3 a recepci\u00f3 o enviant un correu electr\u00f2nic.<\/span>[\/vc_column_text][vc_empty_space height=\u00bb60px\u00bb][vc_empty_space height=\u00bb60px\u00bb][\/vc_column_inner][\/vc_row_inner][\/vc_column][\/vc_row][vc_row css_animation=\u00bb\u00bb row_type=\u00bbrow\u00bb use_row_as_full_screen_section=\u00bbno\u00bb type=\u00bbgrid\u00bb angled_section=\u00bbno\u00bb text_align=\u00bbcenter\u00bb background_image_as_pattern=\u00bbwithout_pattern\u00bb background_color=\u00bb#06191e\u00bb z_index=\u00bb\u00bb css=\u00bb.vc_custom_1632133157396{background-color: #06191e !important;}\u00bb el_class=\u00bbpilates_form\u00bb][vc_column][vc_column_text css=\u00bb.vc_custom_1571742693054{margin-bottom: 100px !important;}\u00bb el_class=\u00bbform-margin\u00bb]<\/p>\n<p class=\"bigtitle\" style=\"text-align: center; font-size: 50px;\"><span style=\"color: #ffffff;\">SOL\u00b7LICITA INFORMACI\u00d3 DE PILATES<\/span><\/p>\n<p>[\/vc_column_text][vc_raw_html]W2NvbnRhY3QtZm9ybS03IGlkPSIzMjA4Il0=[\/vc_raw_html][vc_empty_space height=\u00bb50&#8243;][\/vc_column][\/vc_row]<\/p>\n","protected":false},"excerpt":{"rendered":"<p>[vc_row css_animation=\u00bb\u00bb row_type=\u00bbrow\u00bb use_row_as_full_screen_section=\u00bbno\u00bb type=\u00bbfull_width\u00bb angled_section=\u00bbno\u00bb text_align=\u00bbcenter\u00bb background_image_as_pattern=\u00bbwithout_pattern\u00bb background_color=\u00bb#ffffff\u00bb z_index=\u00bb\u00bb css=\u00bb.vc_custom_1632133142231{background-color: #ffffff !important;}\u00bb][vc_column width=\u00bb5\/6&#8243; offset=\u00bbvc_col-lg-offset-1 vc_col-lg-10 vc_col-md-offset-1 vc_col-sm-offset-1&#8243;][vc_column_text css=\u00bb.vc_custom_1571742384232{margin-top: 100px !important;margin-bottom: 100px !important;}\u00bb] EL M\u00c8TODE ORIGINAL [\/vc_column_text][vc_row_inner row_type=\u00bbrow\u00bb type=\u00bbfull_width\u00bb text_align=\u00bbleft\u00bb css_animation=\u00bb\u00bb][vc_column_inner width=\u00bb1\/2&#8243;][vc_column_text]Entrena&#8230;<\/p>\n","protected":false},"author":4,"featured_media":0,"parent":0,"menu_order":0,"comment_status":"closed","ping_status":"closed","template":"full_width.php","meta":{"footnotes":""},"acf":[],"yoast_head":"<!-- This site is optimized with the Yoast SEO plugin v19.11 - https:\/\/yoast.com\/wordpress\/plugins\/seo\/ -->\n<title>Pilates Vilanova Classes Individuals i Reformer en grup | Aqua<\/title>\n<meta name=\"description\" content=\"Practicar Pilates a Vilanova i la Geltr\u00fa? Dispossem de classes individuals i grupals de Pilates Reformer.Per mals d&#039;esquena i problemes posturals.\" \/>\n<meta name=\"robots\" content=\"index, follow, max-snippet:-1, max-image-preview:large, max-video-preview:-1\" \/>\n<link rel=\"canonical\" href=\"https:\/\/www.aquasportclubs.com\/pilates\/\" \/>\n<meta property=\"og:locale\" content=\"es_ES\" \/>\n<meta property=\"og:type\" content=\"article\" \/>\n<meta property=\"og:title\" content=\"Pilates Vilanova Classes Individuals i Reformer en grup | Aqua\" \/>\n<meta property=\"og:description\" content=\"Practicar Pilates a Vilanova i la Geltr\u00fa? Dispossem de classes individuals i grupals de Pilates Reformer. Per mals d&#039;esquena i problemes posturals.\" \/>\n<meta property=\"og:url\" content=\"https:\/\/www.aquasportclubs.com\/ca\/pilates\/\" \/>\n<meta property=\"og:site_name\" content=\"Aqua Sport Clubs\" \/>\n<meta property=\"article:publisher\" content=\"https:\/\/www.facebook.com\/aquasportclubs\" \/>\n<meta property=\"article:modified_time\" content=\"2021-09-20T10:20:25+00:00\" \/>\n<meta property=\"og:image\" content=\"https:\/\/www.aquasportclubs.com\/wp-content\/uploads\/2019\/01\/P1066408.jpg\" \/>\n\t<meta property=\"og:image:width\" content=\"1825\" \/>\n\t<meta property=\"og:image:height\" content=\"1369\" \/>\n\t<meta property=\"og:image:type\" content=\"image\/jpeg\" \/>\n<meta name=\"twitter:label1\" content=\"Tiempo de lectura\" \/>\n\t<meta name=\"twitter:data1\" content=\"2 minutos\" \/>\n<script type=\"application\/ld+json\" class=\"yoast-schema-graph\">{\"@context\":\"https:\/\/schema.org\",\"@graph\":[{\"@type\":\"WebPage\",\"@id\":\"https:\/\/www.aquasportclubs.com\/ca\/pilates\/\",\"url\":\"https:\/\/www.aquasportclubs.com\/ca\/pilates\/\",\"name\":\"Pilates Vilanova Classes Individuals i Reformer en grup | Aqua\",\"isPartOf\":{\"@id\":\"https:\/\/www.aquasportclubs.com\/#website\"},\"datePublished\":\"2019-01-18T09:07:25+00:00\",\"dateModified\":\"2021-09-20T10:20:25+00:00\",\"description\":\"Practicar Pilates a Vilanova i la Geltr\u00fa? Dispossem de classes individuals i grupals de Pilates Reformer.Per mals d'esquena i problemes posturals.\",\"breadcrumb\":{\"@id\":\"https:\/\/www.aquasportclubs.com\/ca\/pilates\/#breadcrumb\"},\"inLanguage\":\"es\",\"potentialAction\":[{\"@type\":\"ReadAction\",\"target\":[\"https:\/\/www.aquasportclubs.com\/ca\/pilates\/\"]}]},{\"@type\":\"BreadcrumbList\",\"@id\":\"https:\/\/www.aquasportclubs.com\/ca\/pilates\/#breadcrumb\",\"itemListElement\":[{\"@type\":\"ListItem\",\"position\":1,\"name\":\"Portada\",\"item\":\"https:\/\/www.aquasportclubs.com\/\"},{\"@type\":\"ListItem\",\"position\":2,\"name\":\"Pilates Reformer Vilanova\"}]},{\"@type\":\"WebSite\",\"@id\":\"https:\/\/www.aquasportclubs.com\/#website\",\"url\":\"https:\/\/www.aquasportclubs.com\/\",\"name\":\"Aqua Sport Clubs\",\"description\":\"Gimnasio Aqua Sport Clubs, club de padel y centro de est\u00e9tica en Vilanova i la Geltr\u00fa\",\"publisher\":{\"@id\":\"https:\/\/www.aquasportclubs.com\/#organization\"},\"potentialAction\":[{\"@type\":\"SearchAction\",\"target\":{\"@type\":\"EntryPoint\",\"urlTemplate\":\"https:\/\/www.aquasportclubs.com\/?s={search_term_string}\"},\"query-input\":\"required name=search_term_string\"}],\"inLanguage\":\"es\"},{\"@type\":\"Organization\",\"@id\":\"https:\/\/www.aquasportclubs.com\/#organization\",\"name\":\"Aqua Sport Clubs Vilanova\",\"url\":\"https:\/\/www.aquasportclubs.com\/\",\"logo\":{\"@type\":\"ImageObject\",\"inLanguage\":\"es\",\"@id\":\"https:\/\/www.aquasportclubs.com\/#\/schema\/logo\/image\/\",\"url\":\"https:\/\/www.aquasportclubs.com\/wp-content\/uploads\/2019\/01\/Logo_Aqua-nou-e1557131934702.png\",\"contentUrl\":\"https:\/\/www.aquasportclubs.com\/wp-content\/uploads\/2019\/01\/Logo_Aqua-nou-e1557131934702.png\",\"width\":137,\"height\":40,\"caption\":\"Aqua Sport Clubs Vilanova\"},\"image\":{\"@id\":\"https:\/\/www.aquasportclubs.com\/#\/schema\/logo\/image\/\"},\"sameAs\":[\"https:\/\/www.instagram.com\/aquasportclubs\/\",\"https:\/\/www.linkedin.com\/company\/aquasportclubs\/\",\"https:\/\/www.youtube.com\/channel\/UC1boG7pQQ3Qg7QcrrYh13gw\",\"https:\/\/www.facebook.com\/aquasportclubs\"]}]}<\/script>\n<!-- \/ Yoast SEO plugin. -->","yoast_head_json":{"title":"Pilates Vilanova Classes Individuals i Reformer en grup | Aqua","description":"Practicar Pilates a Vilanova i la Geltr\u00fa? Dispossem de classes individuals i grupals de Pilates Reformer.Per mals d'esquena i problemes posturals.","robots":{"index":"index","follow":"follow","max-snippet":"max-snippet:-1","max-image-preview":"max-image-preview:large","max-video-preview":"max-video-preview:-1"},"canonical":"https:\/\/www.aquasportclubs.com\/pilates\/","og_locale":"es_ES","og_type":"article","og_title":"Pilates Vilanova Classes Individuals i Reformer en grup | Aqua","og_description":"Practicar Pilates a Vilanova i la Geltr\u00fa? Dispossem de classes individuals i grupals de Pilates Reformer. Per mals d'esquena i problemes posturals.","og_url":"https:\/\/www.aquasportclubs.com\/ca\/pilates\/","og_site_name":"Aqua Sport Clubs","article_publisher":"https:\/\/www.facebook.com\/aquasportclubs","article_modified_time":"2021-09-20T10:20:25+00:00","og_image":[{"width":1825,"height":1369,"url":"https:\/\/www.aquasportclubs.com\/wp-content\/uploads\/2019\/01\/P1066408.jpg","type":"image\/jpeg"}],"twitter_misc":{"Tiempo de lectura":"2 minutos"},"schema":{"@context":"https:\/\/schema.org","@graph":[{"@type":"WebPage","@id":"https:\/\/www.aquasportclubs.com\/ca\/pilates\/","url":"https:\/\/www.aquasportclubs.com\/ca\/pilates\/","name":"Pilates Vilanova Classes Individuals i Reformer en grup | Aqua","isPartOf":{"@id":"https:\/\/www.aquasportclubs.com\/#website"},"datePublished":"2019-01-18T09:07:25+00:00","dateModified":"2021-09-20T10:20:25+00:00","description":"Practicar Pilates a Vilanova i la Geltr\u00fa? Dispossem de classes individuals i grupals de Pilates Reformer.Per mals d'esquena i problemes posturals.","breadcrumb":{"@id":"https:\/\/www.aquasportclubs.com\/ca\/pilates\/#breadcrumb"},"inLanguage":"es","potentialAction":[{"@type":"ReadAction","target":["https:\/\/www.aquasportclubs.com\/ca\/pilates\/"]}]},{"@type":"BreadcrumbList","@id":"https:\/\/www.aquasportclubs.com\/ca\/pilates\/#breadcrumb","itemListElement":[{"@type":"ListItem","position":1,"name":"Portada","item":"https:\/\/www.aquasportclubs.com\/"},{"@type":"ListItem","position":2,"name":"Pilates Reformer Vilanova"}]},{"@type":"WebSite","@id":"https:\/\/www.aquasportclubs.com\/#website","url":"https:\/\/www.aquasportclubs.com\/","name":"Aqua Sport Clubs","description":"Gimnasio Aqua Sport Clubs, club de padel y centro de est\u00e9tica en Vilanova i la Geltr\u00fa","publisher":{"@id":"https:\/\/www.aquasportclubs.com\/#organization"},"potentialAction":[{"@type":"SearchAction","target":{"@type":"EntryPoint","urlTemplate":"https:\/\/www.aquasportclubs.com\/?s={search_term_string}"},"query-input":"required name=search_term_string"}],"inLanguage":"es"},{"@type":"Organization","@id":"https:\/\/www.aquasportclubs.com\/#organization","name":"Aqua Sport Clubs Vilanova","url":"https:\/\/www.aquasportclubs.com\/","logo":{"@type":"ImageObject","inLanguage":"es","@id":"https:\/\/www.aquasportclubs.com\/#\/schema\/logo\/image\/","url":"https:\/\/www.aquasportclubs.com\/wp-content\/uploads\/2019\/01\/Logo_Aqua-nou-e1557131934702.png","contentUrl":"https:\/\/www.aquasportclubs.com\/wp-content\/uploads\/2019\/01\/Logo_Aqua-nou-e1557131934702.png","width":137,"height":40,"caption":"Aqua Sport Clubs Vilanova"},"image":{"@id":"https:\/\/www.aquasportclubs.com\/#\/schema\/logo\/image\/"},"sameAs":["https:\/\/www.instagram.com\/aquasportclubs\/","https:\/\/www.linkedin.com\/company\/aquasportclubs\/","https:\/\/www.youtube.com\/channel\/UC1boG7pQQ3Qg7QcrrYh13gw","https:\/\/www.facebook.com\/aquasportclubs"]}]}},"_links":{"self":[{"href":"https:\/\/www.aquasportclubs.com\/ca\/wp-json\/wp\/v2\/pages\/3209\/"}],"collection":[{"href":"https:\/\/www.aquasportclubs.com\/ca\/wp-json\/wp\/v2\/pages\/"}],"about":[{"href":"https:\/\/www.aquasportclubs.com\/ca\/wp-json\/wp\/v2\/types\/page\/"}],"author":[{"embeddable":true,"href":"https:\/\/www.aquasportclubs.com\/ca\/wp-json\/wp\/v2\/users\/4\/"}],"replies":[{"embeddable":true,"href":"https:\/\/www.aquasportclubs.com\/ca\/wp-json\/wp\/v2\/comments\/?post=3209"}],"version-history":[{"count":6,"href":"https:\/\/www.aquasportclubs.com\/ca\/wp-json\/wp\/v2\/pages\/3209\/revisions\/"}],"predecessor-version":[{"id":5771,"href":"https:\/\/www.aquasportclubs.com\/ca\/wp-json\/wp\/v2\/pages\/3209\/revisions\/5771\/"}],"wp:attachment":[{"href":"https:\/\/www.aquasportclubs.com\/ca\/wp-json\/wp\/v2\/media\/?parent=3209"}],"curies":[{"name":"wp","href":"https:\/\/api.w.org\/{rel}","templated":true}]}}